{"id":244676,"date":"2024-10-29T10:46:37","date_gmt":"2024-10-29T10:46:37","guid":{"rendered":"https:\/\/www.sunevasion.fr\/contact\/"},"modified":"2024-12-20T06:46:09","modified_gmt":"2024-12-20T06:46:09","slug":"contact","status":"publish","type":"page","link":"https:\/\/www.sunevasion.fr\/en\/contact\/","title":{"rendered":"Contact"},"content":{"rendered":"<p>[et_pb_section fb_built=&#8221;1&#8243; admin_label=&#8221;contact&#8221; module_id=&#8221;destinations&#8221; _builder_version=&#8221;4.27.0&#8243; _module_preset=&#8221;default&#8221; background_color=&#8221;#FF7350&#8243; custom_margin=&#8221;||-5px|||&#8221; custom_padding=&#8221;42px||||false|false&#8221; background_last_edited=&#8221;on|tablet&#8221; use_background_color_gradient_tablet=&#8221;on&#8221; use_background_color_gradient_phone=&#8221;on&#8221; background_color_gradient_stops_tablet=&#8221;#ff7350 100%|#ffffff 100%&#8221; background_color_gradient_stops_phone=&#8221;#ff7350 100%|#ffffff 100%&#8221; da_popup_slug=&#8221;destinations&#8221; da_disable_devices=&#8221;off|off|off&#8221; locked=&#8221;off&#8221; global_colors_info=&#8221;{}&#8221; da_is_popup=&#8221;off&#8221; da_exit_intent=&#8221;off&#8221; da_has_close=&#8221;on&#8221; da_alt_close=&#8221;off&#8221; da_dark_close=&#8221;off&#8221; da_not_modal=&#8221;on&#8221; da_is_singular=&#8221;off&#8221; da_with_loader=&#8221;off&#8221; da_has_shadow=&#8221;on&#8221;][et_pb_row _builder_version=&#8221;4.27.0&#8243; _module_preset=&#8221;default&#8221; width=&#8221;90%&#8221; min_height=&#8221;100%&#8221; height=&#8221;100%&#8221; custom_margin=&#8221;31px|auto||auto||&#8221; custom_padding=&#8221;75px|||||&#8221; border_radii=&#8221;on|15px|15px|15px|15px&#8221; global_colors_info=&#8221;{}&#8221;][et_pb_column type=&#8221;4_4&#8243; _builder_version=&#8221;4.27.0&#8243; _module_preset=&#8221;default&#8221; global_colors_info=&#8221;{}&#8221;][et_pb_text _builder_version=&#8221;4.27.0&#8243; _module_preset=&#8221;default&#8221; header_text_align=&#8221;left&#8221; header_text_color=&#8221;#FFFFFF&#8221; header_font_size=&#8221;50px&#8221; header_2_text_align=&#8221;left&#8221; header_2_text_color=&#8221;#FFFFFF&#8221; header_2_font_size=&#8221;55px&#8221; custom_margin=&#8221;||22px|||&#8221; header_font_size_tablet=&#8221;40px&#8221; header_font_size_phone=&#8221;32px&#8221; header_font_size_last_edited=&#8221;on|phone&#8221; header_2_font_size_tablet=&#8221;56px&#8221; header_2_font_size_phone=&#8221;38px&#8221; header_2_font_size_last_edited=&#8221;on|phone&#8221; custom_css_main_element=&#8221; margin-top: auto;||    margin-bottom: auto; &#8221; global_colors_info=&#8221;{}&#8221;]<\/p>\n<h1>Contact our campsites<\/h1>\n<p>[\/et_pb_text][et_pb_text _builder_version=&#8221;4.27.0&#8243; _module_preset=&#8221;default&#8221; text_text_color=&#8221;#FFFFFF&#8221; link_font=&#8221;|600|||||||&#8221; link_text_color=&#8221;#FFFFFF&#8221; custom_css_main_element=&#8221;margin-top: auto; ||    align-self: flex-end; &#8221; global_colors_info=&#8221;{}&#8221;]<\/p>\n<p style=\"text-align: left;\"><span><span><a href=\"https:\/\/www.sunevasion.fr\/en\/home\/\">Accueil<\/a><\/span><\/span><\/p>\n<p>[\/et_pb_text][et_pb_text _builder_version=&#8221;4.27.0&#8243; _module_preset=&#8221;default&#8221; text_text_color=&#8221;#FFFFFF&#8221; text_font_size=&#8221;22px&#8221; header_2_text_color=&#8221;#287D9C&#8221; header_2_font_size=&#8221;55px&#8221; header_2_line_height=&#8221;1.2em&#8221; max_width_tablet=&#8221;100%&#8221; max_width_phone=&#8221;100%&#8221; max_width_last_edited=&#8221;on|tablet&#8221; module_alignment=&#8221;left&#8221; custom_margin=&#8221;||2px|||&#8221; global_colors_info=&#8221;{}&#8221;]<\/p>\n<p><strong>Do you have a question, a special request <\/strong>or would you simply like to tell us about your vacation wishes?<\/p>\n<p>Our team is here to help you organize your stay. Don&#8217;t hesitate to contact us, we&#8217;ll be delighted to help you find your ideal campsite. <\/p>\n<p>[\/et_pb_text][\/et_pb_column][\/et_pb_row][\/et_pb_section][et_pb_section fb_built=&#8221;1&#8243; _builder_version=&#8221;4.27.0&#8243; _module_preset=&#8221;default&#8221; custom_padding=&#8221;0px||0px||true|false&#8221; da_disable_devices=&#8221;off|off|off&#8221; global_colors_info=&#8221;{}&#8221; da_is_popup=&#8221;off&#8221; da_exit_intent=&#8221;off&#8221; da_has_close=&#8221;on&#8221; da_alt_close=&#8221;off&#8221; da_dark_close=&#8221;off&#8221; da_not_modal=&#8221;on&#8221; da_is_singular=&#8221;off&#8221; da_with_loader=&#8221;off&#8221; da_has_shadow=&#8221;on&#8221;][et_pb_row column_structure=&#8221;2_5,3_5&#8243; use_custom_gutter=&#8221;on&#8221; gutter_width=&#8221;2&#8243; make_equal=&#8221;on&#8221; _builder_version=&#8221;4.27.0&#8243; _module_preset=&#8221;default&#8221; width=&#8221;100%&#8221; max_width=&#8221;2560px&#8221; custom_margin=&#8221;0px|auto|0px|auto|true|false&#8221; custom_padding=&#8221;0px||0px||true|false&#8221; locked=&#8221;off&#8221; global_colors_info=&#8221;{}&#8221;][et_pb_column type=&#8221;2_5&#8243; _builder_version=&#8221;4.27.0&#8243; _module_preset=&#8221;default&#8221; global_colors_info=&#8221;{}&#8221;][et_pb_map address=&#8221;Camping Sun\u00ealia IBARDIN &#8211; Pays Basque | Camping Urrugne, 220 Rte d&#8217;Olhette, 64122 Urrugne, France&#8221; zoom_level=&#8221;6&#8243; address_lat=&#8221;43.952300560008&#8243; address_lng=&#8221;1.58938148125&#8243; mouse_wheel=&#8221;off&#8221; _builder_version=&#8221;4.27.0&#8243; _module_preset=&#8221;default&#8221; min_height=&#8221;600px&#8221; custom_margin=&#8221;|1px||||&#8221; hover_enabled=&#8221;0&#8243; global_colors_info=&#8221;{}&#8221; sticky_enabled=&#8221;0&#8243;][et_pb_map_pin title=&#8221;Camping Lac du Salagou&#8221; pin_address=&#8221;Camping du Salagou, 34800 Clermont-l&#8217;H\u00e9rault, France&#8221; zoom_level=&#8221;5&#8243; pin_address_lat=&#8221;43.6453137&#8243; pin_address_lng=&#8221;3.3898247&#8243; _builder_version=&#8221;4.27.0&#8243; _module_preset=&#8221;default&#8221; global_colors_info=&#8221;{}&#8221; hover_enabled=&#8221;0&#8243; sticky_enabled=&#8221;0&#8243;]<\/p>\n<p>34800 Clermont l&#8217;H\u00e9rault<br \/><a href=\"https:\/\/maps.app.goo.gl\/X5QsApagJAmarZJv6\" target=\"_blank\" rel=\"noopener\">See on Gmaps<\/a><\/p>\n<p>[\/et_pb_map_pin][et_pb_map_pin title=&#8221;Camping Ibardin&#8221; pin_address=&#8221;Camping Sun\u00ealia IBARDIN &#8211; Pays Basque | Camping Urrugne, 220 Rte d&#8217;Olhette, 64122 Urrugne, France&#8221; zoom_level=&#8221;5&#8243; pin_address_lat=&#8221;43.3339627&#8243; pin_address_lng=&#8221;-1.6845443&#8243; _builder_version=&#8221;4.27.0&#8243; _module_preset=&#8221;default&#8221; global_colors_info=&#8221;{}&#8221;]<\/p>\n<p>64122 Urrugne<br \/><a href=\"https:\/\/maps.app.goo.gl\/o9xfD1DGcEfs9GeG9\" target=\"_blank\" rel=\"noopener\">View on Gmaps<\/a><\/p>\n<p>[\/et_pb_map_pin][et_pb_map_pin title=&#8221;Camping les jardins de Tivoli&#8221; pin_address=&#8221;Camping Les Jardins De Tivoli Grau du Roi, 470 Rte de l&#8217;Espiguette, 30240 Le Grau-du-Roi, France&#8221; zoom_level=&#8221;5&#8243; pin_address_lat=&#8221;43.5217227&#8243; pin_address_lng=&#8221;4.1492728&#8243; _builder_version=&#8221;4.27.0&#8243; _module_preset=&#8221;default&#8221; global_colors_info=&#8221;{}&#8221;]<\/p>\n<p>30240 Le Grau-du-Roi<br \/><a href=\"https:\/\/maps.app.goo.gl\/bnZXsrRVpkCCZDjK8\" target=\"_blank\" rel=\"noopener\">See on Gmaps<\/a><\/p>\n<p>[\/et_pb_map_pin][et_pb_map_pin title=&#8221;Camping Fontaine Vieille&#8221; pin_address=&#8221;Camping Bassin d&#8217;Arcachon Fontaine Vieille, 4 Bd du Colonel Wurtz, 33510 Andernos-les-Bains, France&#8221; zoom_level=&#8221;5&#8243; pin_address_lat=&#8221;44.7251202&#8243; pin_address_lng=&#8221;-1.0794527&#8243; _builder_version=&#8221;4.27.0&#8243; _module_preset=&#8221;default&#8221; global_colors_info=&#8221;{}&#8221;]<\/p>\n<p>33510 Andernos-les-Bains<br \/><a href=\"https:\/\/maps.app.goo.gl\/D8ASie9V9s5tcsGE7\" target=\"_blank\" rel=\"noopener\">See on Gmaps<\/a><\/p>\n<p>[\/et_pb_map_pin][et_pb_map_pin title=&#8221;Camping Miremer&#8221; pin_address=&#8221;Camping Domaine de Miremer, 4965 ROUTE DE GRIMAUD, RD 558, 83680 La Garde-Freinet, France&#8221; zoom_level=&#8221;5&#8243; pin_address_lat=&#8221;43.291853&#8243; pin_address_lng=&#8221;6.4922266&#8243; _builder_version=&#8221;4.27.0&#8243; _module_preset=&#8221;default&#8221; global_colors_info=&#8221;{}&#8221;]<\/p>\n<p>83680 La Garde-Freinet<br \/><a href=\"https:\/\/maps.app.goo.gl\/6jm6kMzQCFgtQhTU6\" target=\"_blank\" rel=\"noopener\">See on Gmaps<\/a><\/p>\n<p>[\/et_pb_map_pin][et_pb_map_pin title=&#8221;Camping Les Ourmes&#8221; pin_address=&#8221;Camping Les Ourmes Hourtin, 90 Av. du Lac, 33990 Hourtin, France&#8221; zoom_level=&#8221;5&#8243; pin_address_lat=&#8221;45.1820208&#8243; pin_address_lng=&#8221;-1.0746422&#8243; _builder_version=&#8221;4.27.0&#8243; _module_preset=&#8221;default&#8221; global_colors_info=&#8221;{}&#8221;]<\/p>\n<p>33990 Hourtin<br \/><a href=\"https:\/\/maps.app.goo.gl\/v4T7EtR7jH8CP1uP8\" target=\"_blank\" rel=\"noopener\">See on Gmaps<\/a><\/p>\n<p>[\/et_pb_map_pin][\/et_pb_map][\/et_pb_column][et_pb_column type=&#8221;3_5&#8243; _builder_version=&#8221;4.27.0&#8243; _module_preset=&#8221;default&#8221; custom_padding=&#8221;30px|20px|30px|20px|true|true&#8221; global_colors_info=&#8221;{}&#8221;][et_pb_code _builder_version=&#8221;4.27.0&#8243; _module_preset=&#8221;default&#8221; custom_margin=&#8221;30px|26px||||&#8221; custom_css_main_element=&#8221;\/* Conteneur principal en deux colonnes *\/||.campings-container {||    display: grid;||    grid-template-columns: repeat(2, 1fr); \/* 2 colonnes *\/||    gap: 20px;||||}||||\/* Styles pour chaque carte de camping *\/||.camping-card {||    display: flex;||    align-items: center;||    background-color: #F5F5F5; \/* Couleur de fond *\/||    border-radius: 15px; \/* Border radius de la carte *\/||    overflow: hidden;||    box-shadow: 0 4px 8px rgba(0, 0, 0, 0.1); \/* L\u00e9g\u00e8re ombre *\/||    transition: box-shadow 0.3s ease;||  padding:0;||}||.camping-card h3 {margin:0;}||.camping-card:hover {||    box-shadow: 0 8px 16px rgba(0, 0, 0, 0.15); \/* Accentuer l&#8217;ombre au survol *\/||}||||\/* Partie gauche &#8211; Image *\/||.camping-image {||    width: 40%; \/* 30% de la largeur *\/||    background-size: cover;||    background-position: center;||    min-height: 100%;||  margin-right:20px;||}||||\/* Partie droite &#8211; Informations *\/||.camping-info {||    padding: 15px;||    width: 60%; \/* 70% de la largeur *\/||    display: flex;||    flex-direction: column;||    justify-content: space-evenly;||}||||\/* Titre du camping *\/||.camping-title {||    font-size: 18px;||    font-weight: bold;||    margin-top: 8px;||    color: #333;||}||||\/* R\u00e9gion *\/||.camping-region {||    font-size: 14px;||    color: #777;||      margin:0; padding:0;||}||||\/* T\u00e9l\u00e9phone avec ic\u00f4ne *\/||.camping-telephone {||    font-size: 14px;||    color: #555;||    display: flex;||    align-items: center;||  margin-bottom:8px;||}||||.camping-telephone i {||    margin-right: 8px;||    color: #0F3B51;||}||||\/* Bouton de contact *\/||.camping-contact-button {||    align-self: flex-start; \/* Aligner \u00e0 droite *\/||    display: inline-flex;||    align-items: center;||    background-color: #F67251;||    color: #fff;||    padding: 5px 12px;||    font-size: 13px;||    font-weight: bold;||    border-radius: 30px;||    text-decoration: none;||    transition: background-color 0.3s ease, transform 0.3s ease;||}||||.camping-contact-button i {||    margin-right: 8px;||}||||.camping-contact-button:hover {||    background-color: #092C3D;||}||||\/* Responsive design pour les petits \u00e9crans *\/||@media (max-width: 768px) {||    .campings-container {||        grid-template-columns: 1fr; \/* 1 colonne pour les petits \u00e9crans *\/||    }||}||&#8221; global_colors_info=&#8221;{}&#8221;]<div class=\"campings-container\">        \r\n        <div class=\"camping-card\">\r\n            <div class=\"camping-image\" style=\"background-image: url('https:\/\/www.sunevasion.fr\/wp-content\/uploads\/2024\/10\/espace-aquatique-service-300x169.jpg');\"><\/div>\r\n            <div class=\"camping-info\">\r\n                <h3 class=\"camping-title\">Camping Les Ourmes<\/h3>\r\n                                    <p class=\"camping-region\">Gironde, Sud Ouest  <\/p>\r\n                                \r\n                                    <p class=\"camping-telephone\">\r\n                        <i class=\"fas fa-phone-alt\"><\/i> +33 (0)5 56 09 12 76                    <\/p>\r\n                                \r\n                                    <a href=\"https:\/\/lesourmes.fr\/contact-acces\/\" target=\"_blank\" class=\"camping-contact-button\">\r\n                        <i class=\"fas fa-envelope\"><\/i> Contact the campsite                    <\/a>\r\n                            <\/div>\r\n        <\/div>\r\n        \r\n                \r\n        <div class=\"camping-card\">\r\n            <div class=\"camping-image\" style=\"background-image: url('https:\/\/www.sunevasion.fr\/wp-content\/uploads\/2024\/10\/PHOTO-32-ciel-1-300x169.jpg');\"><\/div>\r\n            <div class=\"camping-info\">\r\n                <h3 class=\"camping-title\">Camping Les Jardins de Tivoli<\/h3>\r\n                                    <p class=\"camping-region\">Camargue, Southeast<\/p>\r\n                                \r\n                                    <p class=\"camping-telephone\">\r\n                        <i class=\"fas fa-phone-alt\"><\/i> +33 (0)4 66 53 97 00                    <\/p>\r\n                                \r\n                                    <a href=\"https:\/\/www.lesjardinsdetivoli.com\/contact-camping-mer-et-camargue\/\" target=\"_blank\" class=\"camping-contact-button\">\r\n                        <i class=\"fas fa-envelope\"><\/i> Contact the campsite                    <\/a>\r\n                            <\/div>\r\n        <\/div>\r\n        \r\n                \r\n        <div class=\"camping-card\">\r\n            <div class=\"camping-image\" style=\"background-image: url('https:\/\/www.sunevasion.fr\/wp-content\/uploads\/2024\/10\/camping-miremer-grimaud-var-saint-tropez-2026-300x200.jpg');\"><\/div>\r\n            <div class=\"camping-info\">\r\n                <h3 class=\"camping-title\">Camping Miremer<\/h3>\r\n                                    <p class=\"camping-region\">Var, Southeast<\/p>\r\n                                \r\n                                    <p class=\"camping-telephone\">\r\n                        <i class=\"fas fa-phone-alt\"><\/i> +33 (0)4 94 43 21 23                    <\/p>\r\n                                \r\n                                    <a href=\"https:\/\/www.domainedemiremer.com\/contact\/\" target=\"_blank\" class=\"camping-contact-button\">\r\n                        <i class=\"fas fa-envelope\"><\/i> Contact the campsite                    <\/a>\r\n                            <\/div>\r\n        <\/div>\r\n        \r\n                \r\n        <div class=\"camping-card\">\r\n            <div class=\"camping-image\" style=\"background-image: url('https:\/\/www.sunevasion.fr\/wp-content\/uploads\/2024\/10\/mise-en-avant-fontaine-vieille-300x169.jpg');\"><\/div>\r\n            <div class=\"camping-info\">\r\n                <h3 class=\"camping-title\">Camping Fontaine Vieille<\/h3>\r\n                                    <p class=\"camping-region\">Gironde, Sud Ouest<\/p>\r\n                                \r\n                                    <p class=\"camping-telephone\">\r\n                        <i class=\"fas fa-phone-alt\"><\/i> 05 56 82 01 67                    <\/p>\r\n                                \r\n                                    <a href=\"https:\/\/www.fontainevieille.fr\/contact-acces\/\" target=\"_blank\" class=\"camping-contact-button\">\r\n                        <i class=\"fas fa-envelope\"><\/i> Contact the campsite                    <\/a>\r\n                            <\/div>\r\n        <\/div>\r\n        \r\n                \r\n        <div class=\"camping-card\">\r\n            <div class=\"camping-image\" style=\"background-image: url('https:\/\/www.sunevasion.fr\/wp-content\/uploads\/2024\/10\/camping-Ibardin-pays-basque-urrugne-300x200.jpg');\"><\/div>\r\n            <div class=\"camping-info\">\r\n                <h3 class=\"camping-title\">Camping Ibardin<\/h3>\r\n                                    <p class=\"camping-region\">Basque Country, Urrugne<\/p>\r\n                                \r\n                                    <p class=\"camping-telephone\">\r\n                        <i class=\"fas fa-phone-alt\"><\/i> 05 59 54 31 21                    <\/p>\r\n                                \r\n                                    <a href=\"https:\/\/col-ibardin.com\/contact-acces\/\" target=\"_blank\" class=\"camping-contact-button\">\r\n                        <i class=\"fas fa-envelope\"><\/i> Contact the campsite                    <\/a>\r\n                            <\/div>\r\n        <\/div>\r\n        \r\n                \r\n        <div class=\"camping-card\">\r\n            <div class=\"camping-image\" style=\"background-image: url('https:\/\/www.sunevasion.fr\/wp-content\/uploads\/2024\/09\/camping-lac-du-salagou-5-sur-12-300x200.jpg');\"><\/div>\r\n            <div class=\"camping-info\">\r\n                <h3 class=\"camping-title\">Camping du Lac de Salagou<\/h3>\r\n                                    <p class=\"camping-region\">Occitania, Clermont l&#039;H\u00e9rault<\/p>\r\n                                \r\n                                    <p class=\"camping-telephone\">\r\n                        <i class=\"fas fa-phone-alt\"><\/i> +33 (0)4 67 96 13 13                    <\/p>\r\n                                \r\n                                    <a href=\"https:\/\/www.campinglacdusalagou.fr\/contact-camping-lac-salagou\/\" target=\"_blank\" class=\"camping-contact-button\">\r\n                        <i class=\"fas fa-envelope\"><\/i> Contact the campsite                    <\/a>\r\n                            <\/div>\r\n        <\/div>\r\n        \r\n        <\/div>[\/et_pb_code][\/et_pb_column][\/et_pb_row][\/et_pb_section]<\/p>\n","protected":false},"excerpt":{"rendered":"<p>[et_pb_section fb_built=&#8221;1&#8243; admin_label=&#8221;contact&#8221; module_id=&#8221;destinations&#8221; _builder_version=&#8221;4.27.0&#8243; _module_preset=&#8221;default&#8221; background_color=&#8221;#FF7350&#8243; custom_margin=&#8221;||-5px|||&#8221; custom_padding=&#8221;42px||||false|false&#8221; background_last_edited=&#8221;on|tablet&#8221; use_background_color_gradient_tablet=&#8221;on&#8221; use_background_color_gradient_phone=&#8221;on&#8221; background_color_gradient_stops_tablet=&#8221;#ff7350 100%|#ffffff 100%&#8221; background_color_gradient_stops_phone=&#8221;#ff7350 100%|#ffffff 100%&#8221; da_popup_slug=&#8221;destinations&#8221; da_disable_devices=&#8221;off|off|off&#8221; locked=&#8221;off&#8221; global_colors_info=&#8221;{}&#8221; da_is_popup=&#8221;off&#8221; da_exit_intent=&#8221;off&#8221; da_has_close=&#8221;on&#8221; da_alt_close=&#8221;off&#8221; da_dark_close=&#8221;off&#8221; da_not_modal=&#8221;on&#8221; da_is_singular=&#8221;off&#8221; da_with_loader=&#8221;off&#8221; da_has_shadow=&#8221;on&#8221;][et_pb_row _builder_version=&#8221;4.27.0&#8243; _module_preset=&#8221;default&#8221; width=&#8221;90%&#8221; min_height=&#8221;100%&#8221; height=&#8221;100%&#8221; custom_margin=&#8221;31px|auto||auto||&#8221; custom_padding=&#8221;75px|||||&#8221; border_radii=&#8221;on|15px|15px|15px|15px&#8221; global_colors_info=&#8221;{}&#8221;][et_pb_column type=&#8221;4_4&#8243; _builder_version=&#8221;4.27.0&#8243; _module_preset=&#8221;default&#8221; global_colors_info=&#8221;{}&#8221;][et_pb_text _builder_version=&#8221;4.27.0&#8243; _module_preset=&#8221;default&#8221; header_text_align=&#8221;left&#8221; header_text_color=&#8221;#FFFFFF&#8221; header_font_size=&#8221;50px&#8221; header_2_text_align=&#8221;left&#8221; header_2_text_color=&#8221;#FFFFFF&#8221; header_2_font_size=&#8221;55px&#8221; custom_margin=&#8221;||22px|||&#8221; header_font_size_tablet=&#8221;40px&#8221; header_font_size_phone=&#8221;32px&#8221; [&hellip;]<\/p>\n","protected":false},"author":3,"featured_media":0,"parent":0,"menu_order":0,"comment_status":"closed","ping_status":"closed","template":"","meta":{"_acf_changed":false,"_et_pb_use_builder":"on","_et_pb_old_content":"","_et_gb_content_width":"","inline_featured_image":false,"footnotes":""},"class_list":["post-244676","page","type-page","status-publish","hentry"],"acf":[],"yoast_head":"<!-- This site is optimized with the Yoast SEO plugin v27.4 - https:\/\/yoast.com\/product\/yoast-seo-wordpress\/ -->\n<title>Contact Sun Evasion - your camping portal at your service<\/title>\n<meta name=\"description\" content=\"Do you have a question or need help? Contact the Sun Evasion team for information on campsites, destinations and reservations. We&#039;re here to help.\" \/>\n<meta name=\"robots\" content=\"index, follow, max-snippet:-1, max-image-preview:large, max-video-preview:-1\" \/>\n<link rel=\"canonical\" href=\"https:\/\/www.sunevasion.fr\/en\/contact\/\" \/>\n<meta property=\"og:locale\" content=\"en_US\" \/>\n<meta property=\"og:type\" content=\"article\" \/>\n<meta property=\"og:title\" content=\"Contact Sun Evasion - your camping portal at your service\" \/>\n<meta property=\"og:description\" content=\"Do you have a question or need help? Contact the Sun Evasion team for information on campsites, destinations and reservations. We&#039;re here to help.\" \/>\n<meta property=\"og:url\" content=\"https:\/\/www.sunevasion.fr\/en\/contact\/\" \/>\n<meta property=\"og:site_name\" content=\"Sun Evasion - Campings &amp; Resorts\" \/>\n<meta property=\"article:modified_time\" content=\"2024-12-20T06:46:09+00:00\" \/>\n<meta name=\"twitter:card\" content=\"summary_large_image\" \/>\n<meta name=\"twitter:label1\" content=\"Est. reading time\" \/>\n\t<meta name=\"twitter:data1\" content=\"5 minutes\" \/>\n<script type=\"application\/ld+json\" class=\"yoast-schema-graph\">{\"@context\":\"https:\\\/\\\/schema.org\",\"@graph\":[{\"@type\":\"WebPage\",\"@id\":\"https:\\\/\\\/www.sunevasion.fr\\\/en\\\/contact\\\/\",\"url\":\"https:\\\/\\\/www.sunevasion.fr\\\/en\\\/contact\\\/\",\"name\":\"Contact Sun Evasion - your camping portal at your service\",\"isPartOf\":{\"@id\":\"https:\\\/\\\/www.sunevasion.fr\\\/en\\\/#website\"},\"datePublished\":\"2024-10-29T10:46:37+00:00\",\"dateModified\":\"2024-12-20T06:46:09+00:00\",\"description\":\"Do you have a question or need help? Contact the Sun Evasion team for information on campsites, destinations and reservations. We're here to help.\",\"breadcrumb\":{\"@id\":\"https:\\\/\\\/www.sunevasion.fr\\\/en\\\/contact\\\/#breadcrumb\"},\"inLanguage\":\"en-US\",\"potentialAction\":[{\"@type\":\"ReadAction\",\"target\":[\"https:\\\/\\\/www.sunevasion.fr\\\/en\\\/contact\\\/\"]}]},{\"@type\":\"BreadcrumbList\",\"@id\":\"https:\\\/\\\/www.sunevasion.fr\\\/en\\\/contact\\\/#breadcrumb\",\"itemListElement\":[{\"@type\":\"ListItem\",\"position\":1,\"name\":\"Accueil\",\"item\":\"https:\\\/\\\/www.sunevasion.fr\\\/en\\\/home\\\/\"},{\"@type\":\"ListItem\",\"position\":2,\"name\":\"Contact\"}]},{\"@type\":\"WebSite\",\"@id\":\"https:\\\/\\\/www.sunevasion.fr\\\/en\\\/#website\",\"url\":\"https:\\\/\\\/www.sunevasion.fr\\\/en\\\/\",\"name\":\"Sun Evasion - Campings &amp; Resorts\",\"description\":\"\",\"potentialAction\":[{\"@type\":\"SearchAction\",\"target\":{\"@type\":\"EntryPoint\",\"urlTemplate\":\"https:\\\/\\\/www.sunevasion.fr\\\/en\\\/?s={search_term_string}\"},\"query-input\":{\"@type\":\"PropertyValueSpecification\",\"valueRequired\":true,\"valueName\":\"search_term_string\"}}],\"inLanguage\":\"en-US\"}]}<\/script>\n<!-- \/ Yoast SEO plugin. -->","yoast_head_json":{"title":"Contact Sun Evasion - your camping portal at your service","description":"Do you have a question or need help? Contact the Sun Evasion team for information on campsites, destinations and reservations. We're here to help.","robots":{"index":"index","follow":"follow","max-snippet":"max-snippet:-1","max-image-preview":"max-image-preview:large","max-video-preview":"max-video-preview:-1"},"canonical":"https:\/\/www.sunevasion.fr\/en\/contact\/","og_locale":"en_US","og_type":"article","og_title":"Contact Sun Evasion - your camping portal at your service","og_description":"Do you have a question or need help? Contact the Sun Evasion team for information on campsites, destinations and reservations. We're here to help.","og_url":"https:\/\/www.sunevasion.fr\/en\/contact\/","og_site_name":"Sun Evasion - Campings &amp; Resorts","article_modified_time":"2024-12-20T06:46:09+00:00","twitter_card":"summary_large_image","twitter_misc":{"Est. reading time":"5 minutes"},"schema":{"@context":"https:\/\/schema.org","@graph":[{"@type":"WebPage","@id":"https:\/\/www.sunevasion.fr\/en\/contact\/","url":"https:\/\/www.sunevasion.fr\/en\/contact\/","name":"Contact Sun Evasion - your camping portal at your service","isPartOf":{"@id":"https:\/\/www.sunevasion.fr\/en\/#website"},"datePublished":"2024-10-29T10:46:37+00:00","dateModified":"2024-12-20T06:46:09+00:00","description":"Do you have a question or need help? Contact the Sun Evasion team for information on campsites, destinations and reservations. We're here to help.","breadcrumb":{"@id":"https:\/\/www.sunevasion.fr\/en\/contact\/#breadcrumb"},"inLanguage":"en-US","potentialAction":[{"@type":"ReadAction","target":["https:\/\/www.sunevasion.fr\/en\/contact\/"]}]},{"@type":"BreadcrumbList","@id":"https:\/\/www.sunevasion.fr\/en\/contact\/#breadcrumb","itemListElement":[{"@type":"ListItem","position":1,"name":"Accueil","item":"https:\/\/www.sunevasion.fr\/en\/home\/"},{"@type":"ListItem","position":2,"name":"Contact"}]},{"@type":"WebSite","@id":"https:\/\/www.sunevasion.fr\/en\/#website","url":"https:\/\/www.sunevasion.fr\/en\/","name":"Sun Evasion - Campings &amp; Resorts","description":"","potentialAction":[{"@type":"SearchAction","target":{"@type":"EntryPoint","urlTemplate":"https:\/\/www.sunevasion.fr\/en\/?s={search_term_string}"},"query-input":{"@type":"PropertyValueSpecification","valueRequired":true,"valueName":"search_term_string"}}],"inLanguage":"en-US"}]}},"_links":{"self":[{"href":"https:\/\/www.sunevasion.fr\/en\/wp-json\/wp\/v2\/pages\/244676","targetHints":{"allow":["GET"]}}],"collection":[{"href":"https:\/\/www.sunevasion.fr\/en\/wp-json\/wp\/v2\/pages"}],"about":[{"href":"https:\/\/www.sunevasion.fr\/en\/wp-json\/wp\/v2\/types\/page"}],"author":[{"embeddable":true,"href":"https:\/\/www.sunevasion.fr\/en\/wp-json\/wp\/v2\/users\/3"}],"replies":[{"embeddable":true,"href":"https:\/\/www.sunevasion.fr\/en\/wp-json\/wp\/v2\/comments?post=244676"}],"version-history":[{"count":1,"href":"https:\/\/www.sunevasion.fr\/en\/wp-json\/wp\/v2\/pages\/244676\/revisions"}],"predecessor-version":[{"id":244679,"href":"https:\/\/www.sunevasion.fr\/en\/wp-json\/wp\/v2\/pages\/244676\/revisions\/244679"}],"wp:attachment":[{"href":"https:\/\/www.sunevasion.fr\/en\/wp-json\/wp\/v2\/media?parent=244676"}],"curies":[{"name":"wp","href":"https:\/\/api.w.org\/{rel}","templated":true}]}}