{"id":244819,"date":"2024-10-16T14:44:07","date_gmt":"2024-10-16T14:44:07","guid":{"rendered":"https:\/\/www.sunevasion.fr\/stay-idea\/water-park\/"},"modified":"2025-01-14T15:12:08","modified_gmt":"2025-01-14T15:12:08","slug":"water-park","status":"publish","type":"page","link":"https:\/\/www.sunevasion.fr\/en\/stay-idea\/water-park\/","title":{"rendered":"Water park"},"content":{"rendered":"<p>[et_pb_section fb_built=&#8221;1&#8243; admin_label=&#8221;Bloc centre bleu&#8221; _builder_version=&#8221;4.27.0&#8243; _module_preset=&#8221;default&#8221; background_color=&#8221;#e5f0f8&#8243; custom_padding=&#8221;0px||43px||false|false&#8221; global_colors_info=&#8221;{}&#8221;][et_pb_row module_class=&#8221;parallax&#8221; _builder_version=&#8221;4.27.0&#8243; _module_preset=&#8221;default&#8221; background_image=&#8221;https:\/\/www.sunevasion.fr\/wp-content\/uploads\/2024\/10\/bandeau-parc-aquatique-1.jpg&#8221; width=&#8221;100%&#8221; max_width=&#8221;2560px&#8221; min_height=&#8221;60vh&#8221; global_colors_info=&#8221;{}&#8221;][et_pb_column type=&#8221;4_4&#8243; _builder_version=&#8221;4.27.0&#8243; _module_preset=&#8221;default&#8221; global_colors_info=&#8221;{}&#8221;][\/et_pb_column][\/et_pb_row][et_pb_row custom_padding_last_edited=&#8221;on|tablet&#8221; _builder_version=&#8221;4.27.0&#8243; _module_preset=&#8221;default&#8221; background_color=&#8221;#287D9C&#8221; width_tablet=&#8221;&#8221; width_phone=&#8221;90%&#8221; width_last_edited=&#8221;on|phone&#8221; custom_margin=&#8221;-14vh||||false|false&#8221; custom_padding=&#8221;2.5%|8%|2.5%|8%|true|true&#8221; custom_padding_tablet=&#8221;6%||6%||true|true&#8221; custom_padding_phone=&#8221;10%|10%|10%|10%|true|true&#8221; border_radii=&#8221;on|50px|50px|50px|50px&#8221; box_shadow_style=&#8221;preset1&#8243; box_shadow_vertical=&#8221;1px&#8221; box_shadow_color=&#8221;rgba(0,0,0,0.1)&#8221; global_colors_info=&#8221;{}&#8221;][et_pb_column type=&#8221;4_4&#8243; _builder_version=&#8221;4.27.0&#8243; _module_preset=&#8221;default&#8221; global_colors_info=&#8221;{}&#8221;][et_pb_text _builder_version=&#8221;4.27.0&#8243; _module_preset=&#8221;default&#8221; text_font=&#8221;|600|||||||&#8221; text_text_color=&#8221;#FFFFFF&#8221; link_text_color=&#8221;#97D3CB&#8221; custom_margin=&#8221;||8px|||&#8221; locked=&#8221;off&#8221; global_colors_info=&#8221;{}&#8221;]<\/p>\n<p><span><span><span><a href=\"https:\/\/www.sunevasion.fr\/en\/home\/\">Accueil<\/a><\/span><\/span><\/span><\/p>\n<p>[\/et_pb_text][et_pb_text admin_label=&#8221;Texte&#8221; _builder_version=&#8221;4.27.0&#8243; _module_preset=&#8221;default&#8221; text_text_color=&#8221;#003449&#8243; text_font_size=&#8221;18px&#8221; header_2_text_color=&#8221;#FFFFFF&#8221; header_2_font_size=&#8221;50px&#8221; header_2_line_height=&#8221;1.2em&#8221; header_2_font_size_tablet=&#8221;38px&#8221; header_2_font_size_phone=&#8221;28px&#8221; header_2_font_size_last_edited=&#8221;on|desktop&#8221; global_colors_info=&#8221;{}&#8221;]<\/p>\n<h2><span style=\"font-weight: 400;\">Campsite with water park: the guarantee of an unforgettable vacation  <\/span><\/h2>\n<p>[\/et_pb_text][et_pb_text _builder_version=&#8221;4.27.0&#8243; _module_preset=&#8221;default&#8221; text_text_color=&#8221;#FFFFFF&#8221; text_font_size=&#8221;18px&#8221; text_line_height=&#8221;1.5em&#8221; link_font=&#8221;|700|||||||&#8221; link_text_color=&#8221;#FFFFFF&#8221; header_2_text_color=&#8221;#287D9C&#8221; header_2_font_size=&#8221;55px&#8221; header_2_line_height=&#8221;1.2em&#8221; custom_margin=&#8221;||17px|||&#8221; global_colors_info=&#8221;{}&#8221;]<\/p>\n<p><span style=\"font-weight: 400;\">Vous r\u00eavez de vacances m\u00ealant d\u00e9tente et divertissement aquatique ? D\u00e9couvrez les campings 4 \u00e9toiles du <a href=\"https:\/\/www.sunevasion.fr\/groupe\/\">groupe Sun Evasion<\/a>, tous \u00e9quip\u00e9s de parcs aquatiques pour petits et grands. Toboggans, piscines chauff\u00e9es, pataugeoires et espaces de jeux d\u2019eau, nos campings sont con\u00e7us pour des moments inoubliables en famille. <\/span><\/p>\n<p>[\/et_pb_text][\/et_pb_column][\/et_pb_row][\/et_pb_section][et_pb_section fb_built=&#8221;1&#8243; admin_label=&#8221;image gauche blanc&#8221; _builder_version=&#8221;4.27.0&#8243; _module_preset=&#8221;default&#8221; background_color=&#8221;#FFFFFF&#8221; custom_padding=&#8221;60px||60px||true|false&#8221; locked=&#8221;off&#8221; global_colors_info=&#8221;{}&#8221;][et_pb_row column_structure=&#8221;1_2,1_2&#8243; use_custom_gutter=&#8221;on&#8221; gutter_width=&#8221;4&#8243; make_equal=&#8221;on&#8221; _builder_version=&#8221;4.27.4&#8243; _module_preset=&#8221;default&#8221; hover_enabled=&#8221;0&#8243; global_colors_info=&#8221;{}&#8221; sticky_enabled=&#8221;0&#8243;][et_pb_column type=&#8221;1_2&#8243; _builder_version=&#8221;4.27.0&#8243; _module_preset=&#8221;default&#8221; global_colors_info=&#8221;{}&#8221;][et_pb_text _builder_version=&#8221;4.27.0&#8243; _module_preset=&#8221;default&#8221; text_text_color=&#8221;#003449&#8243; text_font_size=&#8221;18px&#8221; header_text_color=&#8221;#287D9C&#8221; header_2_text_align=&#8221;left&#8221; header_2_text_color=&#8221;#287D9C&#8221; header_2_font_size=&#8221;50px&#8221; header_2_line_height=&#8221;1.1em&#8221; header_3_text_align=&#8221;left&#8221; header_3_text_color=&#8221;#287D9C&#8221; header_3_font_size=&#8221;46px&#8221; header_3_line_height=&#8221;1.1em&#8221; custom_margin=&#8221;20px||34px||false|false&#8221; custom_padding=&#8221;|0px||||&#8221; header_2_font_size_tablet=&#8221;38px&#8221; header_2_font_size_phone=&#8221;28px&#8221; header_2_font_size_last_edited=&#8221;on|desktop&#8221; header_3_font_size_tablet=&#8221;38px&#8221; header_3_font_size_phone=&#8221;28px&#8221; header_3_font_size_last_edited=&#8221;on|desktop&#8221; global_colors_info=&#8221;{}&#8221;]<\/p>\n<h3><span style=\"font-weight: 400;\">Water parks for the whole family<\/span><\/h3>\n<p>[\/et_pb_text][et_pb_text _builder_version=&#8221;4.27.0&#8243; _module_preset=&#8221;default&#8221; text_text_color=&#8221;#003449&#8243; text_font_size=&#8221;18px&#8221; link_font=&#8221;|700|||||||&#8221; link_text_color=&#8221;#003449&#8243; header_2_text_color=&#8221;#287D9C&#8221; header_2_font_size=&#8221;55px&#8221; header_2_line_height=&#8221;1.2em&#8221; text_orientation=&#8221;justified&#8221; custom_margin=&#8221;||27px|||&#8221; global_colors_info=&#8221;{}&#8221;]<\/p>\n<p><span style=\"font-weight: 400;\">Chez <a href=\"https:\/\/www.sunevasion.fr\/\">Sun Evasion<\/a>, nous avons pens\u00e9 \u00e0 tout pour faire plaisir \u00e0 chacun. Les tout-petits pourront s\u2019amuser dans des pataugeoires s\u00e9curis\u00e9es, tandis que les plus grands s\u2019\u00e9lanceront sur nos toboggans \u00e0 sensations. Les parents profiteront d\u2019un moment de relaxation dans nos piscines chauff\u00e9es ou nos espaces bien-\u00eatre. Un camping avec parc aquatique, c\u2019est la promesse de vacances r\u00e9ussies pour toute la famille !<\/span><\/p>\n<h3><span style=\"font-weight: 400;\"><\/span><\/h3>\n<h3><span style=\"font-weight: 400;\">Toboggans, jeux d\u2019eau et piscine chauff\u00e9e<\/span><\/h3>\n<p><span style=\"font-weight: 400;\"><\/span><\/p>\n<p><span style=\"font-weight: 400;\"><a href=\"https:\/\/www.sunevasion.fr\/destinations\/\">Nos campings<\/a> avec parc aquatique vous proposent une grande vari\u00e9t\u00e9 d\u2019activit\u00e9s aquatiques. Chaque membre de la famille trouvera son bonheur avec des toboggans g\u00e9ants pour les plus t\u00e9m\u00e9raires, des espaces de jeux d\u2019eau pour les enfants, et des piscines chauff\u00e9es pour des baignades confortables quelle que soit la m\u00e9t\u00e9o. Venez profiter de moments de d\u00e9tente et d\u2019amusement au bord de l\u2019eau.<\/span><\/p>\n<p>[\/et_pb_text][\/et_pb_column][et_pb_column type=&#8221;1_2&#8243; disabled_on=&#8221;off|off|off&#8221; _builder_version=&#8221;4.27.4&#8243; _module_preset=&#8221;default&#8221; background_image=&#8221;https:\/\/www.sunevasion.fr\/wp-content\/uploads\/2024\/10\/parc-aquatique-adaptes-familels.jpg&#8221; hover_enabled=&#8221;0&#8243; border_radii=&#8221;on|20px|20px|20px|20px&#8221; global_colors_info=&#8221;{}&#8221; sticky_enabled=&#8221;0&#8243;][et_pb_divider show_divider=&#8221;off&#8221; _builder_version=&#8221;4.27.0&#8243; _module_preset=&#8221;default&#8221; min_height=&#8221;25vh&#8221; global_colors_info=&#8221;{}&#8221;][\/et_pb_divider][\/et_pb_column][\/et_pb_row][\/et_pb_section][et_pb_section fb_built=&#8221;1&#8243; admin_label=&#8221;image gauche bleu fonc\u00e9&#8221; _builder_version=&#8221;4.27.0&#8243; _module_preset=&#8221;default&#8221; background_color=&#8221;#003449&#8243; custom_padding=&#8221;80px||80px||true|false&#8221; locked=&#8221;off&#8221; global_colors_info=&#8221;{}&#8221;][et_pb_row column_structure=&#8221;1_2,1_2&#8243; use_custom_gutter=&#8221;on&#8221; gutter_width=&#8221;4&#8243; make_equal=&#8221;on&#8221; _builder_version=&#8221;4.27.4&#8243; _module_preset=&#8221;default&#8221; hover_enabled=&#8221;0&#8243; global_colors_info=&#8221;{}&#8221; sticky_enabled=&#8221;0&#8243;][et_pb_column type=&#8221;1_2&#8243; disabled_on=&#8221;off|off|off&#8221; _builder_version=&#8221;4.27.4&#8243; _module_preset=&#8221;default&#8221; background_image=&#8221;https:\/\/www.sunevasion.fr\/wp-content\/uploads\/2024\/10\/camping-confort-bien-etre.jpg&#8221; hover_enabled=&#8221;0&#8243; border_radii=&#8221;on|20px|20px|20px|20px&#8221; global_colors_info=&#8221;{}&#8221; sticky_enabled=&#8221;0&#8243;][et_pb_divider show_divider=&#8221;off&#8221; _builder_version=&#8221;4.27.0&#8243; _module_preset=&#8221;default&#8221; min_height=&#8221;25vh&#8221; global_colors_info=&#8221;{}&#8221;][\/et_pb_divider][\/et_pb_column][et_pb_column type=&#8221;1_2&#8243; _builder_version=&#8221;4.27.0&#8243; _module_preset=&#8221;default&#8221; global_colors_info=&#8221;{}&#8221;][et_pb_text _builder_version=&#8221;4.27.0&#8243; _module_preset=&#8221;default&#8221; text_text_color=&#8221;#003449&#8243; text_font_size=&#8221;18px&#8221; header_2_text_align=&#8221;left&#8221; header_2_text_color=&#8221;#FFFFFF&#8221; header_2_font_size=&#8221;50px&#8221; header_2_line_height=&#8221;1.1em&#8221; header_3_text_align=&#8221;left&#8221; header_3_text_color=&#8221;#FFFFFF&#8221; header_3_font_size=&#8221;46px&#8221; header_3_line_height=&#8221;1.1em&#8221; custom_margin=&#8221;20px||35px||false|false&#8221; header_2_font_size_tablet=&#8221;38px&#8221; header_2_font_size_phone=&#8221;28px&#8221; header_2_font_size_last_edited=&#8221;on|desktop&#8221; header_3_font_size_tablet=&#8221;38px&#8221; header_3_font_size_phone=&#8221;28px&#8221; header_3_font_size_last_edited=&#8221;on|desktop&#8221; global_colors_info=&#8221;{}&#8221;]<\/p>\n<h3><span style=\"font-weight: 400;\">Staying at a 4-star campsite: comfort and well-being<\/span><\/h3>\n<p>[\/et_pb_text][et_pb_text _builder_version=&#8221;4.27.0&#8243; _module_preset=&#8221;default&#8221; text_text_color=&#8221;#FFFFFF&#8221; text_font_size=&#8221;18px&#8221; link_font=&#8221;|700|||||||&#8221; link_text_color=&#8221;#FFFFFF&#8221; header_2_text_color=&#8221;#287D9C&#8221; header_2_font_size=&#8221;55px&#8221; header_2_line_height=&#8221;1.2em&#8221; text_orientation=&#8221;justified&#8221; custom_margin=&#8221;||18px|||&#8221; global_colors_info=&#8221;{}&#8221;]<\/p>\n<p><span style=\"font-weight: 400;\">Sun Evasion campsites not only offer water sports facilities, but also exceptional surroundings and top-quality services and equipment. Whether you choose a mobile home, an unusual accommodation or a bare pitch, you&#8217;ll appreciate the comfort of a 4-star campsite. Restaurants, children&#8217;s activities, evening entertainment&#8230; we&#8217;ve thought of everything to make your vacation as stress-free as possible.  <\/span><\/p>\n<p>[\/et_pb_text][\/et_pb_column][\/et_pb_row][\/et_pb_section][et_pb_section fb_built=&#8221;1&#8243; admin_label=&#8221;image gauche blanc&#8221; _builder_version=&#8221;4.27.0&#8243; _module_preset=&#8221;default&#8221; background_color=&#8221;#FFFFFF&#8221; custom_padding=&#8221;60px||60px||true|false&#8221; locked=&#8221;off&#8221; global_colors_info=&#8221;{}&#8221;][et_pb_row column_structure=&#8221;1_2,1_2&#8243; use_custom_gutter=&#8221;on&#8221; gutter_width=&#8221;4&#8243; make_equal=&#8221;on&#8221; _builder_version=&#8221;4.27.4&#8243; _module_preset=&#8221;default&#8221; global_colors_info=&#8221;{}&#8221;][et_pb_column type=&#8221;1_2&#8243; _builder_version=&#8221;4.27.0&#8243; _module_preset=&#8221;default&#8221; global_colors_info=&#8221;{}&#8221;][et_pb_text _builder_version=&#8221;4.27.0&#8243; _module_preset=&#8221;default&#8221; text_text_color=&#8221;#003449&#8243; text_font_size=&#8221;18px&#8221; header_text_color=&#8221;#287D9C&#8221; header_2_text_align=&#8221;left&#8221; header_2_text_color=&#8221;#287D9C&#8221; header_2_font_size=&#8221;50px&#8221; header_2_line_height=&#8221;1.1em&#8221; header_3_text_align=&#8221;left&#8221; header_3_text_color=&#8221;#287D9C&#8221; header_3_font_size=&#8221;46px&#8221; header_3_line_height=&#8221;1.1em&#8221; custom_margin=&#8221;20px||34px||false|false&#8221; header_2_font_size_tablet=&#8221;38px&#8221; header_2_font_size_phone=&#8221;28px&#8221; header_2_font_size_last_edited=&#8221;on|desktop&#8221; header_3_font_size_tablet=&#8221;38px&#8221; header_3_font_size_phone=&#8221;28px&#8221; header_3_font_size_last_edited=&#8221;on|desktop&#8221; global_colors_info=&#8221;{}&#8221;]<\/p>\n<h3><span style=\"font-weight: 400;\">Prime locations in France<\/span><\/h3>\n<p>[\/et_pb_text][et_pb_text _builder_version=&#8221;4.27.0&#8243; _module_preset=&#8221;default&#8221; text_text_color=&#8221;#003449&#8243; text_font_size=&#8221;18px&#8221; link_font=&#8221;|700|||||||&#8221; link_text_color=&#8221;#003449&#8243; header_2_text_color=&#8221;#287D9C&#8221; header_2_font_size=&#8221;55px&#8221; header_2_line_height=&#8221;1.2em&#8221; text_orientation=&#8221;justified&#8221; custom_margin=&#8221;||27px|||&#8221; global_colors_info=&#8221;{}&#8221;]<\/p>\n<p><span style=\"font-weight: 400;\">Our campsites with water parks are ideally located in the most beautiful regions of France: whether you choose the Atlantic coast, the Mediterranean or the South-West, you&#8217;ll find a magnificent natural setting just a stone&#8217;s throw from where you&#8217;re staying. After a day of sliding and playing in the water, set off to discover the local treasures, from sandy beaches to picturesque villages. <\/span><\/p>\n<p>[\/et_pb_text][\/et_pb_column][et_pb_column type=&#8221;1_2&#8243; disabled_on=&#8221;off|off|off&#8221; _builder_version=&#8221;4.27.4&#8243; _module_preset=&#8221;default&#8221; background_image=&#8221;https:\/\/www.sunevasion.fr\/wp-content\/uploads\/2024\/10\/emplacement-privilegie-france.jpg&#8221; hover_enabled=&#8221;0&#8243; border_radii=&#8221;on|20px|20px|20px|20px&#8221; global_colors_info=&#8221;{}&#8221; sticky_enabled=&#8221;0&#8243;][et_pb_divider show_divider=&#8221;off&#8221; _builder_version=&#8221;4.27.0&#8243; _module_preset=&#8221;default&#8221; min_height=&#8221;25vh&#8221; global_colors_info=&#8221;{}&#8221;][\/et_pb_divider][\/et_pb_column][\/et_pb_row][\/et_pb_section][et_pb_section fb_built=&#8221;1&#8243; admin_label=&#8221;bloc centre blanc&#8221; _builder_version=&#8221;4.27.0&#8243; _module_preset=&#8221;default&#8221; background_color=&#8221;rgba(66,157,204,0.12)&#8221; custom_padding=&#8221;0px||6%||false|false&#8221; global_colors_info=&#8221;{}&#8221;][et_pb_row module_class=&#8221;parallax&#8221; _builder_version=&#8221;4.27.0&#8243; _module_preset=&#8221;default&#8221; background_image=&#8221;https:\/\/www.sunevasion.fr\/wp-content\/uploads\/2024\/10\/reservez-des-maintenant.jpg&#8221; width=&#8221;100%&#8221; max_width=&#8221;2560px&#8221; min_height=&#8221;60vh&#8221; global_colors_info=&#8221;{}&#8221;][et_pb_column type=&#8221;4_4&#8243; _builder_version=&#8221;4.27.0&#8243; _module_preset=&#8221;default&#8221; global_colors_info=&#8221;{}&#8221;][\/et_pb_column][\/et_pb_row][et_pb_row custom_padding_last_edited=&#8221;on|phone&#8221; _builder_version=&#8221;4.27.0&#8243; _module_preset=&#8221;default&#8221; background_color=&#8221;#FFFFFF&#8221; width_tablet=&#8221;&#8221; width_phone=&#8221;90%&#8221; width_last_edited=&#8221;on|desktop&#8221; custom_margin=&#8221;-14vh||||false|false&#8221; custom_padding=&#8221;4%|8%|4%|8%|true|true&#8221; custom_padding_tablet=&#8221;8%|8%|8%|8%|true|true&#8221; custom_padding_phone=&#8221;10%|10%|10%|10%|true|true&#8221; border_radii=&#8221;on|50px|50px|50px|50px&#8221; global_colors_info=&#8221;{}&#8221;][et_pb_column type=&#8221;4_4&#8243; _builder_version=&#8221;4.27.0&#8243; _module_preset=&#8221;default&#8221; global_colors_info=&#8221;{}&#8221;][et_pb_text _builder_version=&#8221;4.27.0&#8243; _module_preset=&#8221;default&#8221; text_text_color=&#8221;#003449&#8243; text_font_size=&#8221;18px&#8221; header_2_text_color=&#8221;#003449&#8243; header_2_font_size=&#8221;50px&#8221; header_2_line_height=&#8221;1.2em&#8221; header_2_font_size_tablet=&#8221;38px&#8221; header_2_font_size_phone=&#8221;28px&#8221; header_2_font_size_last_edited=&#8221;on|desktop&#8221; global_colors_info=&#8221;{}&#8221;]<\/p>\n<h2><span style=\"font-weight: 400;\">Book your aquatic holiday with Sunevasion now<\/span><\/h2>\n<p>[\/et_pb_text][et_pb_text _builder_version=&#8221;4.27.0&#8243; _module_preset=&#8221;default&#8221; text_text_color=&#8221;#003449&#8243; text_font_size=&#8221;18px&#8221; link_font=&#8221;|700|||||||&#8221; link_text_color=&#8221;#003449&#8243; header_2_text_color=&#8221;#287D9C&#8221; header_2_font_size=&#8221;55px&#8221; header_2_line_height=&#8221;1.2em&#8221; custom_margin=&#8221;||15px|||&#8221; global_colors_info=&#8221;{}&#8221;]<\/p>\n<p><span style=\"font-weight: 400;\">Ne manquez pas l\u2019occasion de vivre des vacances o\u00f9 plaisir rime avec baignade et glissades. Nos campings 4 \u00e9toiles avec parc aquatique vous accueillent pour des moments uniques en famille ou entre amis. <a href=\"https:\/\/www.sunevasion.fr\/contact\/\">R\u00e9servez d\u00e8s maintenant<\/a> et profitez d\u2019un s\u00e9jour dans l\u2019un de nos campings.<\/span><\/p>\n<p>[\/et_pb_text][\/et_pb_column][\/et_pb_row][\/et_pb_section]<\/p>\n","protected":false},"excerpt":{"rendered":"<p><span><span><a href=\"https:\/\/www.sunevasion.fr\/en\/home\/\">Accueil<\/a><\/span><\/span>Campsite with water park: the guarantee of an unforgettable vacation Vous r\u00eavez de vacances m\u00ealant d\u00e9tente et divertissement aquatique ? D\u00e9couvrez les campings 4 \u00e9toiles du groupe Sun Evasion, tous \u00e9quip\u00e9s de parcs aquatiques pour petits et grands. Toboggans, piscines chauff\u00e9es, pataugeoires et espaces de jeux d\u2019eau, nos campings sont con\u00e7us pour des moments inoubliables [&hellip;]<\/p>\n","protected":false},"author":5,"featured_media":0,"parent":244686,"menu_order":0,"comment_status":"closed","ping_status":"closed","template":"","meta":{"_acf_changed":false,"_et_pb_use_builder":"on","_et_pb_old_content":"","_et_gb_content_width":"","inline_featured_image":false,"footnotes":""},"class_list":["post-244819","page","type-page","status-publish","hentry"],"acf":[],"yoast_head":"<!-- This site is optimized with the Yoast SEO plugin v27.4 - https:\/\/yoast.com\/product\/yoast-seo-wordpress\/ -->\n<title>Campsite with water park | Discover Sunevasion&#039;s 4-star campsites<\/title>\n<meta name=\"description\" content=\"Enjoy unforgettable vacations at our 4-star campsites with water park. Slides, heated pools and water play areas for the whole family at Sunevasion.\" \/>\n<meta name=\"robots\" content=\"index, follow, max-snippet:-1, max-image-preview:large, max-video-preview:-1\" \/>\n<link rel=\"canonical\" href=\"https:\/\/www.sunevasion.fr\/en\/stay-idea\/water-park\/\" \/>\n<meta property=\"og:locale\" content=\"en_US\" \/>\n<meta property=\"og:type\" content=\"article\" \/>\n<meta property=\"og:title\" content=\"Campsite with water park | Discover Sunevasion&#039;s 4-star campsites\" \/>\n<meta property=\"og:description\" content=\"Enjoy unforgettable vacations at our 4-star campsites with water park. Slides, heated pools and water play areas for the whole family at Sunevasion.\" \/>\n<meta property=\"og:url\" content=\"https:\/\/www.sunevasion.fr\/en\/stay-idea\/water-park\/\" \/>\n<meta property=\"og:site_name\" content=\"Sun Evasion - Campings &amp; Resorts\" \/>\n<meta property=\"article:modified_time\" content=\"2025-01-14T15:12:08+00:00\" \/>\n<meta name=\"twitter:card\" content=\"summary_large_image\" \/>\n<meta name=\"twitter:label1\" content=\"Est. reading time\" \/>\n\t<meta name=\"twitter:data1\" content=\"9 minutes\" \/>\n<script type=\"application\/ld+json\" class=\"yoast-schema-graph\">{\"@context\":\"https:\\\/\\\/schema.org\",\"@graph\":[{\"@type\":\"WebPage\",\"@id\":\"https:\\\/\\\/www.sunevasion.fr\\\/en\\\/stay-idea\\\/water-park\\\/\",\"url\":\"https:\\\/\\\/www.sunevasion.fr\\\/en\\\/stay-idea\\\/water-park\\\/\",\"name\":\"Campsite with water park | Discover Sunevasion's 4-star campsites\",\"isPartOf\":{\"@id\":\"https:\\\/\\\/www.sunevasion.fr\\\/en\\\/#website\"},\"datePublished\":\"2024-10-16T14:44:07+00:00\",\"dateModified\":\"2025-01-14T15:12:08+00:00\",\"description\":\"Enjoy unforgettable vacations at our 4-star campsites with water park. Slides, heated pools and water play areas for the whole family at Sunevasion.\",\"breadcrumb\":{\"@id\":\"https:\\\/\\\/www.sunevasion.fr\\\/en\\\/stay-idea\\\/water-park\\\/#breadcrumb\"},\"inLanguage\":\"en-US\",\"potentialAction\":[{\"@type\":\"ReadAction\",\"target\":[\"https:\\\/\\\/www.sunevasion.fr\\\/en\\\/stay-idea\\\/water-park\\\/\"]}]},{\"@type\":\"BreadcrumbList\",\"@id\":\"https:\\\/\\\/www.sunevasion.fr\\\/en\\\/stay-idea\\\/water-park\\\/#breadcrumb\",\"itemListElement\":[{\"@type\":\"ListItem\",\"position\":1,\"name\":\"Accueil\",\"item\":\"https:\\\/\\\/www.sunevasion.fr\\\/en\\\/home\\\/\"},{\"@type\":\"ListItem\",\"position\":2,\"name\":\"Stay Idea\",\"item\":\"https:\\\/\\\/www.sunevasion.fr\\\/en\\\/stay-idea\\\/\"},{\"@type\":\"ListItem\",\"position\":3,\"name\":\"Water park\"}]},{\"@type\":\"WebSite\",\"@id\":\"https:\\\/\\\/www.sunevasion.fr\\\/en\\\/#website\",\"url\":\"https:\\\/\\\/www.sunevasion.fr\\\/en\\\/\",\"name\":\"Sun Evasion - Campings &amp; Resorts\",\"description\":\"\",\"potentialAction\":[{\"@type\":\"SearchAction\",\"target\":{\"@type\":\"EntryPoint\",\"urlTemplate\":\"https:\\\/\\\/www.sunevasion.fr\\\/en\\\/?s={search_term_string}\"},\"query-input\":{\"@type\":\"PropertyValueSpecification\",\"valueRequired\":true,\"valueName\":\"search_term_string\"}}],\"inLanguage\":\"en-US\"}]}<\/script>\n<!-- \/ Yoast SEO plugin. -->","yoast_head_json":{"title":"Campsite with water park | Discover Sunevasion's 4-star campsites","description":"Enjoy unforgettable vacations at our 4-star campsites with water park. Slides, heated pools and water play areas for the whole family at Sunevasion.","robots":{"index":"index","follow":"follow","max-snippet":"max-snippet:-1","max-image-preview":"max-image-preview:large","max-video-preview":"max-video-preview:-1"},"canonical":"https:\/\/www.sunevasion.fr\/en\/stay-idea\/water-park\/","og_locale":"en_US","og_type":"article","og_title":"Campsite with water park | Discover Sunevasion's 4-star campsites","og_description":"Enjoy unforgettable vacations at our 4-star campsites with water park. Slides, heated pools and water play areas for the whole family at Sunevasion.","og_url":"https:\/\/www.sunevasion.fr\/en\/stay-idea\/water-park\/","og_site_name":"Sun Evasion - Campings &amp; Resorts","article_modified_time":"2025-01-14T15:12:08+00:00","twitter_card":"summary_large_image","twitter_misc":{"Est. reading time":"9 minutes"},"schema":{"@context":"https:\/\/schema.org","@graph":[{"@type":"WebPage","@id":"https:\/\/www.sunevasion.fr\/en\/stay-idea\/water-park\/","url":"https:\/\/www.sunevasion.fr\/en\/stay-idea\/water-park\/","name":"Campsite with water park | Discover Sunevasion's 4-star campsites","isPartOf":{"@id":"https:\/\/www.sunevasion.fr\/en\/#website"},"datePublished":"2024-10-16T14:44:07+00:00","dateModified":"2025-01-14T15:12:08+00:00","description":"Enjoy unforgettable vacations at our 4-star campsites with water park. Slides, heated pools and water play areas for the whole family at Sunevasion.","breadcrumb":{"@id":"https:\/\/www.sunevasion.fr\/en\/stay-idea\/water-park\/#breadcrumb"},"inLanguage":"en-US","potentialAction":[{"@type":"ReadAction","target":["https:\/\/www.sunevasion.fr\/en\/stay-idea\/water-park\/"]}]},{"@type":"BreadcrumbList","@id":"https:\/\/www.sunevasion.fr\/en\/stay-idea\/water-park\/#breadcrumb","itemListElement":[{"@type":"ListItem","position":1,"name":"Accueil","item":"https:\/\/www.sunevasion.fr\/en\/home\/"},{"@type":"ListItem","position":2,"name":"Stay Idea","item":"https:\/\/www.sunevasion.fr\/en\/stay-idea\/"},{"@type":"ListItem","position":3,"name":"Water park"}]},{"@type":"WebSite","@id":"https:\/\/www.sunevasion.fr\/en\/#website","url":"https:\/\/www.sunevasion.fr\/en\/","name":"Sun Evasion - Campings &amp; Resorts","description":"","potentialAction":[{"@type":"SearchAction","target":{"@type":"EntryPoint","urlTemplate":"https:\/\/www.sunevasion.fr\/en\/?s={search_term_string}"},"query-input":{"@type":"PropertyValueSpecification","valueRequired":true,"valueName":"search_term_string"}}],"inLanguage":"en-US"}]}},"_links":{"self":[{"href":"https:\/\/www.sunevasion.fr\/en\/wp-json\/wp\/v2\/pages\/244819","targetHints":{"allow":["GET"]}}],"collection":[{"href":"https:\/\/www.sunevasion.fr\/en\/wp-json\/wp\/v2\/pages"}],"about":[{"href":"https:\/\/www.sunevasion.fr\/en\/wp-json\/wp\/v2\/types\/page"}],"author":[{"embeddable":true,"href":"https:\/\/www.sunevasion.fr\/en\/wp-json\/wp\/v2\/users\/5"}],"replies":[{"embeddable":true,"href":"https:\/\/www.sunevasion.fr\/en\/wp-json\/wp\/v2\/comments?post=244819"}],"version-history":[{"count":3,"href":"https:\/\/www.sunevasion.fr\/en\/wp-json\/wp\/v2\/pages\/244819\/revisions"}],"predecessor-version":[{"id":246374,"href":"https:\/\/www.sunevasion.fr\/en\/wp-json\/wp\/v2\/pages\/244819\/revisions\/246374"}],"up":[{"embeddable":true,"href":"https:\/\/www.sunevasion.fr\/en\/wp-json\/wp\/v2\/pages\/244686"}],"wp:attachment":[{"href":"https:\/\/www.sunevasion.fr\/en\/wp-json\/wp\/v2\/media?parent=244819"}],"curies":[{"name":"wp","href":"https:\/\/api.w.org\/{rel}","templated":true}]}}