{"id":244729,"date":"2024-10-16T14:13:51","date_gmt":"2024-10-16T14:13:51","guid":{"rendered":"https:\/\/www.sunevasion.fr\/idea-de-estancia\/lakeside\/"},"modified":"2025-01-14T15:12:07","modified_gmt":"2025-01-14T15:12:07","slug":"lakeside","status":"publish","type":"page","link":"https:\/\/www.sunevasion.fr\/es\/idea-de-estancia\/lakeside\/","title":{"rendered":"Lakeside"},"content":{"rendered":"<p>[et_pb_section fb_built=\u00bb1&#8243; admin_label=\u00bbBloc centre bleu\u00bb _builder_version=\u00bb4.27.0&#8243; _module_preset=\u00bbdefault\u00bb background_color=\u00bb#e5f0f8&#8243; custom_padding=\u00bb0px||43px||false|false\u00bb global_colors_info=\u00bb{}\u00bb][et_pb_row module_class=\u00bbparallax\u00bb _builder_version=\u00bb4.27.0&#8243; _module_preset=\u00bbdefault\u00bb background_image=\u00bbhttps:\/\/www.sunevasion.fr\/wp-content\/uploads\/2024\/10\/bandeau-bord-lac.jpg\u00bb width=\u00bb100%\u00bb max_width=\u00bb2560px\u00bb min_height=\u00bb60vh\u00bb global_colors_info=\u00bb{}\u00bb][et_pb_column type=\u00bb4_4&#8243; _builder_version=\u00bb4.27.0&#8243; _module_preset=\u00bbdefault\u00bb global_colors_info=\u00bb{}\u00bb][\/et_pb_column][\/et_pb_row][et_pb_row custom_padding_last_edited=\u00bbon|tablet\u00bb _builder_version=\u00bb4.27.0&#8243; _module_preset=\u00bbdefault\u00bb background_color=\u00bb#287D9C\u00bb width_tablet=\u00bb\u00bb width_phone=\u00bb90%\u00bb width_last_edited=\u00bbon|phone\u00bb custom_margin=\u00bb-14vh||||false|false\u00bb custom_padding=\u00bb4%|8%|4%|8%|true|true\u00bb custom_padding_tablet=\u00bb6%||6%||true|true\u00bb custom_padding_phone=\u00bb10%|10%|10%|10%|true|true\u00bb border_radii=\u00bbon|50px|50px|50px|50px\u00bb box_shadow_style=\u00bbpreset1&#8243; box_shadow_vertical=\u00bb1px\u00bb box_shadow_color=\u00bbrgba(0,0,0,0.1)\u00bb global_colors_info=\u00bb{}\u00bb][et_pb_column type=\u00bb4_4&#8243; _builder_version=\u00bb4.27.0&#8243; _module_preset=\u00bbdefault\u00bb global_colors_info=\u00bb{}\u00bb][et_pb_text _builder_version=\u00bb4.27.0&#8243; _module_preset=\u00bbdefault\u00bb text_font=\u00bb|600|||||||\u00bb text_text_color=\u00bb#FFFFFF\u00bb link_text_color=\u00bb#97D3CB\u00bb custom_margin=\u00bb||8px|||\u00bb locked=\u00bboff\u00bb global_colors_info=\u00bb{}\u00bb]<\/p>\n<p><span><span><span><a href=\"https:\/\/www.sunevasion.fr\/es\/inicio\/\">Accueil<\/a><\/span><\/span><\/span><\/p>\n<p>[\/et_pb_text][et_pb_text _builder_version=\u00bb4.27.0&#8243; _module_preset=\u00bbdefault\u00bb text_text_color=\u00bb#003449&#8243; text_font_size=\u00bb18px\u00bb header_2_text_color=\u00bb#FFFFFF\u00bb header_2_font_size=\u00bb50px\u00bb header_2_line_height=\u00bb1.2em\u00bb header_2_font_size_tablet=\u00bb38px\u00bb header_2_font_size_phone=\u00bb28px\u00bb header_2_font_size_last_edited=\u00bbon|desktop\u00bb global_colors_info=\u00bb{}\u00bb]<\/p>\n<h2><span style=\"font-weight: 400;\">Camping junto al lago: serenidad y actividades en la naturaleza<\/span><\/h2>\n<p>[\/et_pb_text][et_pb_text _builder_version=\u00bb4.27.0&#8243; _module_preset=\u00bbdefault\u00bb text_text_color=\u00bb#FFFFFF\u00bb text_font_size=\u00bb18px\u00bb text_line_height=\u00bb1.5em\u00bb link_font=\u00bb|700|||||||\u00bb link_text_color=\u00bb#FFFFFF\u00bb header_2_text_color=\u00bb#287D9C\u00bb header_2_font_size=\u00bb55px\u00bb header_2_line_height=\u00bb1.2em\u00bb custom_margin=\u00bb||14px|||\u00bb global_colors_info=\u00bb{}\u00bb]<\/p>\n<p><span style=\"font-weight: 400;\">\u00bfBuscas recargar las pilas en plena naturaleza, lejos del ajetreo de las playas abarrotadas? Nuestros campings  <\/span><a href=\"https:\/\/lesourmes.fr\/\" target=\"_blank\" rel=\"noopener\"><b>Les Ourmes en Hourtin<\/b><\/a> <span style=\"font-weight: 400;\">y <\/span><a href=\"https:\/\/www.campinglacdusalagou.fr\/\" target=\"_blank\" rel=\"noopener\"><b>Lago de Salagou en Clermont l&#8217;H\u00e9rault<\/b><\/a> <span style=\"font-weight: 400;\">te ofrecen una experiencia \u00fanica de <\/span><b>acampada junto al r\u00edo<\/b><span style=\"font-weight: 400;\"><strong>c<\/strong>, ideales para combinar relax, actividades al aire libre y descubrimiento. Inmersos en un paisaje impresionante, estos campings te invitan a disfrutar de las tranquilas aguas de los lagos y de su excepcional entorno natural. <\/span><\/p>\n<p>[\/et_pb_text][\/et_pb_column][\/et_pb_row][\/et_pb_section][et_pb_section fb_built=\u00bb1&#8243; admin_label=\u00bbimage gauche blanc\u00bb _builder_version=\u00bb4.27.0&#8243; _module_preset=\u00bbdefault\u00bb background_color=\u00bb#FFFFFF\u00bb min_height=\u00bb383.2px\u00bb custom_padding=\u00bb0px||0px||true|false\u00bb locked=\u00bboff\u00bb global_colors_info=\u00bb{}\u00bb][et_pb_row column_structure=\u00bb1_2,1_2&#8243; use_custom_gutter=\u00bbon\u00bb gutter_width=\u00bb4&#8243; make_equal=\u00bbon\u00bb _builder_version=\u00bb4.27.4&#8243; _module_preset=\u00bbdefault\u00bb custom_padding=\u00bb||75px|||\u00bb global_colors_info=\u00bb{}\u00bb][et_pb_column type=\u00bb1_2&#8243; _builder_version=\u00bb4.27.0&#8243; _module_preset=\u00bbdefault\u00bb global_colors_info=\u00bb{}\u00bb][et_pb_text _builder_version=\u00bb4.27.0&#8243; _module_preset=\u00bbdefault\u00bb text_text_color=\u00bb#003449&#8243; text_font_size=\u00bb18px\u00bb header_text_color=\u00bb#287D9C\u00bb header_2_text_align=\u00bbleft\u00bb header_2_text_color=\u00bb#287D9C\u00bb header_2_font_size=\u00bb50px\u00bb header_2_line_height=\u00bb1.1em\u00bb header_3_text_align=\u00bbleft\u00bb header_3_text_color=\u00bb#287D9C\u00bb header_3_font_size=\u00bb46px\u00bb header_3_line_height=\u00bb1.1em\u00bb custom_margin=\u00bb20px||34px||false|false\u00bb header_2_font_size_tablet=\u00bb38px\u00bb header_2_font_size_phone=\u00bb28px\u00bb header_2_font_size_last_edited=\u00bbon|desktop\u00bb header_3_font_size_tablet=\u00bb38px\u00bb header_3_font_size_phone=\u00bb28px\u00bb header_3_font_size_last_edited=\u00bbon|desktop\u00bb global_colors_info=\u00bb{}\u00bb]<\/p>\n<h3><span style=\"font-weight: 400;\">Las ventajas de las regiones de Languedoc-Rosell\u00f3n y M\u00e9doc<\/span><\/h3>\n<p>[\/et_pb_text][et_pb_text _builder_version=\u00bb4.27.0&#8243; _module_preset=\u00bbdefault\u00bb text_text_color=\u00bb#003449&#8243; text_font_size=\u00bb18px\u00bb header_2_text_color=\u00bb#287D9C\u00bb header_2_font_size=\u00bb55px\u00bb header_2_line_height=\u00bb1.2em\u00bb text_orientation=\u00bbjustified\u00bb custom_margin=\u00bb||27px|||\u00bb global_colors_info=\u00bb{}\u00bb]<\/p>\n<p><span style=\"font-weight: 400;\">Alojarse en <\/span><b>junto al lago<\/b><span style=\"font-weight: 400;\"> significa sumergirte en un entorno natural relajante, donde cada momento es propicio para la relajaci\u00f3n y las actividades al aire libre.<\/span><\/p>\n<p><span style=\"font-weight: 400;\"><\/span><\/p>\n<ul>\n<li style=\"font-weight: 400;\" aria-level=\"1\"><strong>Tranquilidad garantizada<\/strong>: Lejos de las playas tur\u00edsticas, los lagos ofrecen una serenidad \u00fanica para pasar momentos tranquilos junto al agua, rodeados de monta\u00f1as o bosques.\n<p><strong><\/strong><\/p>\n<\/li>\n<li style=\"font-weight: 400;\" aria-level=\"1\"><strong>Nataci\u00f3n segura<\/strong>: Las aguas tranquilas y poco profundas de los lagos son ideales para nadar con seguridad con la familia y los amigos.\n<p><strong><\/strong><\/p>\n<\/li>\n<li style=\"font-weight: 400;\" aria-level=\"1\"><strong>Naturaleza excepcional<\/strong>: ya sean los pinares <a href=\"https:\/\/www.medoc-atlantique.com\/13-communes-1001-possibilites\/vacances-a-hourtin\/le-lac-dhourtin\/\" target=\"_blank\" rel=\"noopener\">del Lago de Hourtin<\/a> o los paisajes volc\u00e1nicos de Salagou, estos lugares son perfectos para practicar senderismo y ciclismo de monta\u00f1a.<\/li>\n<\/ul>\n<p>[\/et_pb_text][\/et_pb_column][et_pb_column type=\u00bb1_2&#8243; disabled_on=\u00bboff|off|off\u00bb _builder_version=\u00bb4.27.4&#8243; _module_preset=\u00bbdefault\u00bb background_image=\u00bbhttps:\/\/www.sunevasion.fr\/wp-content\/uploads\/2024\/10\/les-atouts-de-la-region.jpg\u00bb hover_enabled=\u00bb0&#8243; border_radii=\u00bbon|20px|20px|20px|20px\u00bb global_colors_info=\u00bb{}\u00bb sticky_enabled=\u00bb0&#8243;][et_pb_divider show_divider=\u00bboff\u00bb _builder_version=\u00bb4.27.0&#8243; _module_preset=\u00bbdefault\u00bb min_height=\u00bb25vh\u00bb global_colors_info=\u00bb{}\u00bb][\/et_pb_divider][\/et_pb_column][\/et_pb_row][\/et_pb_section][et_pb_section fb_built=\u00bb1&#8243; admin_label=\u00bbimage gauche bleu fonc\u00e9\u00bb _builder_version=\u00bb4.27.0&#8243; _module_preset=\u00bbdefault\u00bb background_color=\u00bb#003449&#8243; custom_padding=\u00bb0px||0px||true|false\u00bb locked=\u00bboff\u00bb global_colors_info=\u00bb{}\u00bb][et_pb_row column_structure=\u00bb1_2,1_2&#8243; use_custom_gutter=\u00bbon\u00bb gutter_width=\u00bb4&#8243; make_equal=\u00bbon\u00bb _builder_version=\u00bb4.27.4&#8243; _module_preset=\u00bbdefault\u00bb custom_padding=\u00bb80px||84px|||\u00bb global_colors_info=\u00bb{}\u00bb][et_pb_column type=\u00bb1_2&#8243; disabled_on=\u00bboff|off|off\u00bb _builder_version=\u00bb4.27.4&#8243; _module_preset=\u00bbdefault\u00bb background_image=\u00bbhttps:\/\/www.sunevasion.fr\/wp-content\/uploads\/2024\/10\/incontournable-a-vister.jpg\u00bb hover_enabled=\u00bb0&#8243; border_radii=\u00bbon|20px|20px|20px|20px\u00bb global_colors_info=\u00bb{}\u00bb sticky_enabled=\u00bb0&#8243;][et_pb_divider show_divider=\u00bboff\u00bb _builder_version=\u00bb4.27.0&#8243; _module_preset=\u00bbdefault\u00bb min_height=\u00bb25vh\u00bb global_colors_info=\u00bb{}\u00bb][\/et_pb_divider][\/et_pb_column][et_pb_column type=\u00bb1_2&#8243; _builder_version=\u00bb4.27.0&#8243; _module_preset=\u00bbdefault\u00bb global_colors_info=\u00bb{}\u00bb][et_pb_text _builder_version=\u00bb4.27.0&#8243; _module_preset=\u00bbdefault\u00bb text_text_color=\u00bb#003449&#8243; text_font_size=\u00bb18px\u00bb header_2_text_align=\u00bbleft\u00bb header_2_text_color=\u00bb#FFFFFF\u00bb header_2_font_size=\u00bb50px\u00bb header_2_line_height=\u00bb1.1em\u00bb header_3_text_align=\u00bbleft\u00bb header_3_text_color=\u00bb#FFFFFF\u00bb header_3_font_size=\u00bb46px\u00bb header_3_line_height=\u00bb1.1em\u00bb custom_margin=\u00bb20px||35px||false|false\u00bb header_2_font_size_tablet=\u00bb38px\u00bb header_2_font_size_phone=\u00bb28px\u00bb header_2_font_size_last_edited=\u00bbon|desktop\u00bb header_3_font_size_tablet=\u00bb38px\u00bb header_3_font_size_phone=\u00bb28px\u00bb header_3_font_size_last_edited=\u00bbon|desktop\u00bb global_colors_info=\u00bb{}\u00bb]<\/p>\n<h3><span style=\"font-weight: 400;\">Visitas obligadas<\/span><\/h3>\n<p>[\/et_pb_text][et_pb_text _builder_version=\u00bb4.27.0&#8243; _module_preset=\u00bbdefault\u00bb text_text_color=\u00bb#FFFFFF\u00bb text_font_size=\u00bb18px\u00bb header_2_text_color=\u00bb#287D9C\u00bb header_2_font_size=\u00bb55px\u00bb header_2_line_height=\u00bb1.2em\u00bb text_orientation=\u00bbjustified\u00bb custom_margin=\u00bb||18px|||\u00bb global_colors_info=\u00bb{}\u00bb]<\/p>\n<p><span style=\"font-weight: 400;\">Durante tus <\/span><b>vacaciones en camping junto al lago<\/b><span style=\"font-weight: 400;\">explora los tesoros naturales y culturales que rodean estos destinos.<\/span><\/p>\n<p>&nbsp;<\/p>\n<ul>\n<li><strong>Acampada a orillas del lago<\/strong>: Explora los tesoros naturales y culturales de estos destinos.<\/li>\n<li><strong>Lac d&#8217;Hourtin<\/strong>: el mayor lago natural de Francia, perfecto para nadar y pasear por el bosque, con el oc\u00e9ano muy cerca.<\/li>\n<li><a href=\"https:\/\/www.herault-tourisme.com\/fr\/decouvrir\/nos-incontournables\/lac-du-salagou\/\" target=\"_blank\" rel=\"noopener\"><strong>Lago Salagou<\/strong><\/a> Un lago artificial en un paisaje rojo \u00fanico, ideal para los deportes acu\u00e1ticos y la fotograf\u00eda.<\/li>\n<li><strong>Vignobles du M\u00e9doc<\/strong>: Descubre los famosos vi\u00f1edos con visitas a ch\u00e2teaux concertadas.<\/li>\n<li><strong>Pueblos de Languedoc<\/strong>: Explora los pueblos medievales de Languedoc, con sus coloridos mercados y su patrimonio hist\u00f3rico.<\/li>\n<\/ul>\n<p>[\/et_pb_text][\/et_pb_column][\/et_pb_row][\/et_pb_section][et_pb_section fb_built=\u00bb1&#8243; admin_label=\u00bbbloc centre blanc\u00bb _builder_version=\u00bb4.27.0&#8243; _module_preset=\u00bbdefault\u00bb background_color=\u00bbrgba(66,157,204,0.15)\u00bb custom_padding=\u00bb0px||80px||false|false\u00bb global_colors_info=\u00bb{}\u00bb][et_pb_row module_class=\u00bbparallax\u00bb _builder_version=\u00bb4.27.0&#8243; _module_preset=\u00bbdefault\u00bb background_image=\u00bbhttps:\/\/www.sunevasion.fr\/wp-content\/uploads\/2024\/10\/multitudes-activite.jpg\u00bb width=\u00bb100%\u00bb max_width=\u00bb2560px\u00bb min_height=\u00bb65vh\u00bb global_colors_info=\u00bb{}\u00bb][et_pb_column type=\u00bb4_4&#8243; _builder_version=\u00bb4.27.0&#8243; _module_preset=\u00bbdefault\u00bb global_colors_info=\u00bb{}\u00bb][\/et_pb_column][\/et_pb_row][et_pb_row custom_padding_last_edited=\u00bbon|phone\u00bb _builder_version=\u00bb4.27.0&#8243; _module_preset=\u00bbdefault\u00bb background_color=\u00bb#FFFFFF\u00bb width_tablet=\u00bb\u00bb width_phone=\u00bb90%\u00bb width_last_edited=\u00bbon|desktop\u00bb custom_margin=\u00bb-14vh||||false|false\u00bb custom_padding=\u00bb6%|8%|6%|8%|true|true\u00bb custom_padding_tablet=\u00bb8%|8%|8%|8%|true|true\u00bb custom_padding_phone=\u00bb10%|10%|10%|10%|true|true\u00bb border_radii=\u00bbon|50px|50px|50px|50px\u00bb global_colors_info=\u00bb{}\u00bb][et_pb_column type=\u00bb4_4&#8243; _builder_version=\u00bb4.27.0&#8243; _module_preset=\u00bbdefault\u00bb global_colors_info=\u00bb{}\u00bb][et_pb_text _builder_version=\u00bb4.27.0&#8243; _module_preset=\u00bbdefault\u00bb text_text_color=\u00bb#003449&#8243; text_font_size=\u00bb18px\u00bb header_2_text_color=\u00bb#003449&#8243; header_2_font_size=\u00bb50px\u00bb header_2_line_height=\u00bb1.2em\u00bb header_2_font_size_tablet=\u00bb38px\u00bb header_2_font_size_phone=\u00bb28px\u00bb header_2_font_size_last_edited=\u00bbon|desktop\u00bb global_colors_info=\u00bb{}\u00bb]<\/p>\n<h2><span style=\"font-weight: 400;\">Multitud de actividades culturales y deportivas<\/span><\/h2>\n<p>[\/et_pb_text][et_pb_text _builder_version=\u00bb4.27.0&#8243; _module_preset=\u00bbdefault\u00bb text_text_color=\u00bb#003449&#8243; text_font_size=\u00bb18px\u00bb header_2_text_color=\u00bb#287D9C\u00bb header_2_font_size=\u00bb55px\u00bb header_2_line_height=\u00bb1.2em\u00bb custom_margin=\u00bb||15px|||\u00bb global_colors_info=\u00bb{}\u00bb]<\/p>\n<p><span style=\"font-weight: 400;\">Tanto si eres un deportista entusiasta como un explorador m\u00e1s pausado, los lagos de Salagou y Hourtin ofrecen multitud de actividades para todos los gustos.<\/span><\/p>\n<ul>\n<li style=\"font-weight: 400;\" aria-level=\"1\"><b>Vela, hidropedales y kayak<\/b><span style=\"font-weight: 400;\">  Explora los lagos a tu ritmo, desliz\u00e1ndote sobre sus tranquilas aguas. Navegar a vela, a pedales o en kayak son s\u00f3lo algunas de las actividades de las que puedes disfrutar para descubrir los rincones ocultos de estos parajes naturales. <\/span><\/li>\n<li style=\"font-weight: 400;\" aria-level=\"1\"><b>Senderismo y bicicleta de monta\u00f1a<\/b><span style=\"font-weight: 400;\">  Los numerosos senderos que rodean los lagos son perfectos para excursionistas y ciclistas de monta\u00f1a. Con rutas para todos los niveles, puedes explorar la campi\u00f1a circundante y disfrutar de impresionantes vistas panor\u00e1micas. <\/span><\/li>\n<li style=\"font-weight: 400;\" aria-level=\"1\"><b>Pesca<\/b><span style=\"font-weight: 400;\">  Pesca: Los aficionados a la pesca encontrar\u00e1n aqu\u00ed su para\u00edso. Los lagos est\u00e1n repletos de peces como la trucha, el lucio y la carpa, perfectos para pasar tranquilos d\u00edas junto al agua. <\/span><\/li>\n<\/ul>\n<p><span style=\"font-weight: 400;\">Les<\/span><b><a href=\"https:\/\/lesourmes.fr\/\" target=\"_blank\" rel=\"noopener\"> campings Les Ourmes<\/a> y <a href=\"https:\/\/www.campinglacdusalagou.fr\/\" target=\"_blank\" rel=\"noopener\">Le Lac du Salagou<\/a><\/b><span style=\"font-weight: 400;\"> te prometen unas vacaciones en plena naturaleza, donde la relajaci\u00f3n, las actividades deportivas y los descubrimientos culturales se combinan para que pases unas vacaciones inolvidables.<\/span><\/p>\n<p>[\/et_pb_text][\/et_pb_column][\/et_pb_row][\/et_pb_section]<\/p>\n","protected":false},"excerpt":{"rendered":"<p><span><span><a href=\"https:\/\/www.sunevasion.fr\/es\/inicio\/\">Accueil<\/a><\/span><\/span>Camping junto al lago: serenidad y actividades en la naturaleza\u00bfBuscas recargar las pilas en plena naturaleza, lejos del ajetreo de las playas abarrotadas? Nuestros campings Les Ourmes en Hourtin y Lago de Salagou en Clermont l&#8217;H\u00e9rault te ofrecen una experiencia \u00fanica de acampada junto al r\u00edoc, ideales para combinar relax, actividades al aire libre y [&hellip;]<\/p>\n","protected":false},"author":5,"featured_media":0,"parent":244680,"menu_order":0,"comment_status":"closed","ping_status":"closed","template":"","meta":{"_acf_changed":false,"_et_pb_use_builder":"on","_et_pb_old_content":"","_et_gb_content_width":"","inline_featured_image":false,"footnotes":""},"class_list":["post-244729","page","type-page","status-publish","hentry"],"acf":[],"yoast_head":"<!-- This site is optimized with the Yoast SEO plugin v27.3 - https:\/\/yoast.com\/product\/yoast-seo-wordpress\/ -->\n<title>Camping Bord de Lac - Relajaci\u00f3n y actividades en la naturaleza | Sunevasion<\/title>\n<meta name=\"description\" content=\"Disfruta de unas vacaciones inolvidables a orillas de los lagos de Hourtin y Salagou. Disfruta de la tranquilidad, del ba\u00f1o en aguas tranquilas y de actividades al aire libre como senderismo, bicicleta de monta\u00f1a y deportes acu\u00e1ticos en un entorno natural intacto.\" \/>\n<meta name=\"robots\" content=\"index, follow, max-snippet:-1, max-image-preview:large, max-video-preview:-1\" \/>\n<link rel=\"canonical\" href=\"https:\/\/www.sunevasion.fr\/es\/idea-de-estancia\/lakeside\/\" \/>\n<meta property=\"og:locale\" content=\"es_ES\" \/>\n<meta property=\"og:type\" content=\"article\" \/>\n<meta property=\"og:title\" content=\"Camping Bord de Lac - Relajaci\u00f3n y actividades en la naturaleza | Sunevasion\" \/>\n<meta property=\"og:description\" content=\"Disfruta de unas vacaciones inolvidables a orillas de los lagos de Hourtin y Salagou. Disfruta de la tranquilidad, del ba\u00f1o en aguas tranquilas y de actividades al aire libre como senderismo, bicicleta de monta\u00f1a y deportes acu\u00e1ticos en un entorno natural intacto.\" \/>\n<meta property=\"og:url\" content=\"https:\/\/www.sunevasion.fr\/es\/idea-de-estancia\/lakeside\/\" \/>\n<meta property=\"og:site_name\" content=\"Sun Evasion - Campings &amp; Resorts\" \/>\n<meta property=\"article:modified_time\" content=\"2025-01-14T15:12:07+00:00\" \/>\n<meta name=\"twitter:card\" content=\"summary_large_image\" \/>\n<meta name=\"twitter:label1\" content=\"Tiempo de lectura\" \/>\n\t<meta name=\"twitter:data1\" content=\"8 minutos\" \/>\n<script type=\"application\/ld+json\" class=\"yoast-schema-graph\">{\"@context\":\"https:\\\/\\\/schema.org\",\"@graph\":[{\"@type\":\"WebPage\",\"@id\":\"https:\\\/\\\/www.sunevasion.fr\\\/es\\\/idea-de-estancia\\\/lakeside\\\/\",\"url\":\"https:\\\/\\\/www.sunevasion.fr\\\/es\\\/idea-de-estancia\\\/lakeside\\\/\",\"name\":\"Camping Bord de Lac - Relajaci\u00f3n y actividades en la naturaleza | Sunevasion\",\"isPartOf\":{\"@id\":\"https:\\\/\\\/www.sunevasion.fr\\\/es\\\/#website\"},\"datePublished\":\"2024-10-16T14:13:51+00:00\",\"dateModified\":\"2025-01-14T15:12:07+00:00\",\"description\":\"Disfruta de unas vacaciones inolvidables a orillas de los lagos de Hourtin y Salagou. Disfruta de la tranquilidad, del ba\u00f1o en aguas tranquilas y de actividades al aire libre como senderismo, bicicleta de monta\u00f1a y deportes acu\u00e1ticos en un entorno natural intacto.\",\"breadcrumb\":{\"@id\":\"https:\\\/\\\/www.sunevasion.fr\\\/es\\\/idea-de-estancia\\\/lakeside\\\/#breadcrumb\"},\"inLanguage\":\"es\",\"potentialAction\":[{\"@type\":\"ReadAction\",\"target\":[\"https:\\\/\\\/www.sunevasion.fr\\\/es\\\/idea-de-estancia\\\/lakeside\\\/\"]}]},{\"@type\":\"BreadcrumbList\",\"@id\":\"https:\\\/\\\/www.sunevasion.fr\\\/es\\\/idea-de-estancia\\\/lakeside\\\/#breadcrumb\",\"itemListElement\":[{\"@type\":\"ListItem\",\"position\":1,\"name\":\"Accueil\",\"item\":\"https:\\\/\\\/www.sunevasion.fr\\\/es\\\/inicio\\\/\"},{\"@type\":\"ListItem\",\"position\":2,\"name\":\"Idea de estancia\",\"item\":\"https:\\\/\\\/www.sunevasion.fr\\\/es\\\/idea-de-estancia\\\/\"},{\"@type\":\"ListItem\",\"position\":3,\"name\":\"Lakeside\"}]},{\"@type\":\"WebSite\",\"@id\":\"https:\\\/\\\/www.sunevasion.fr\\\/es\\\/#website\",\"url\":\"https:\\\/\\\/www.sunevasion.fr\\\/es\\\/\",\"name\":\"Sun Evasion - Campings &amp; Resorts\",\"description\":\"\",\"potentialAction\":[{\"@type\":\"SearchAction\",\"target\":{\"@type\":\"EntryPoint\",\"urlTemplate\":\"https:\\\/\\\/www.sunevasion.fr\\\/es\\\/?s={search_term_string}\"},\"query-input\":{\"@type\":\"PropertyValueSpecification\",\"valueRequired\":true,\"valueName\":\"search_term_string\"}}],\"inLanguage\":\"es\"}]}<\/script>\n<!-- \/ Yoast SEO plugin. -->","yoast_head_json":{"title":"Camping Bord de Lac - Relajaci\u00f3n y actividades en la naturaleza | Sunevasion","description":"Disfruta de unas vacaciones inolvidables a orillas de los lagos de Hourtin y Salagou. Disfruta de la tranquilidad, del ba\u00f1o en aguas tranquilas y de actividades al aire libre como senderismo, bicicleta de monta\u00f1a y deportes acu\u00e1ticos en un entorno natural intacto.","robots":{"index":"index","follow":"follow","max-snippet":"max-snippet:-1","max-image-preview":"max-image-preview:large","max-video-preview":"max-video-preview:-1"},"canonical":"https:\/\/www.sunevasion.fr\/es\/idea-de-estancia\/lakeside\/","og_locale":"es_ES","og_type":"article","og_title":"Camping Bord de Lac - Relajaci\u00f3n y actividades en la naturaleza | Sunevasion","og_description":"Disfruta de unas vacaciones inolvidables a orillas de los lagos de Hourtin y Salagou. Disfruta de la tranquilidad, del ba\u00f1o en aguas tranquilas y de actividades al aire libre como senderismo, bicicleta de monta\u00f1a y deportes acu\u00e1ticos en un entorno natural intacto.","og_url":"https:\/\/www.sunevasion.fr\/es\/idea-de-estancia\/lakeside\/","og_site_name":"Sun Evasion - Campings &amp; Resorts","article_modified_time":"2025-01-14T15:12:07+00:00","twitter_card":"summary_large_image","twitter_misc":{"Tiempo de lectura":"8 minutos"},"schema":{"@context":"https:\/\/schema.org","@graph":[{"@type":"WebPage","@id":"https:\/\/www.sunevasion.fr\/es\/idea-de-estancia\/lakeside\/","url":"https:\/\/www.sunevasion.fr\/es\/idea-de-estancia\/lakeside\/","name":"Camping Bord de Lac - Relajaci\u00f3n y actividades en la naturaleza | Sunevasion","isPartOf":{"@id":"https:\/\/www.sunevasion.fr\/es\/#website"},"datePublished":"2024-10-16T14:13:51+00:00","dateModified":"2025-01-14T15:12:07+00:00","description":"Disfruta de unas vacaciones inolvidables a orillas de los lagos de Hourtin y Salagou. Disfruta de la tranquilidad, del ba\u00f1o en aguas tranquilas y de actividades al aire libre como senderismo, bicicleta de monta\u00f1a y deportes acu\u00e1ticos en un entorno natural intacto.","breadcrumb":{"@id":"https:\/\/www.sunevasion.fr\/es\/idea-de-estancia\/lakeside\/#breadcrumb"},"inLanguage":"es","potentialAction":[{"@type":"ReadAction","target":["https:\/\/www.sunevasion.fr\/es\/idea-de-estancia\/lakeside\/"]}]},{"@type":"BreadcrumbList","@id":"https:\/\/www.sunevasion.fr\/es\/idea-de-estancia\/lakeside\/#breadcrumb","itemListElement":[{"@type":"ListItem","position":1,"name":"Accueil","item":"https:\/\/www.sunevasion.fr\/es\/inicio\/"},{"@type":"ListItem","position":2,"name":"Idea de estancia","item":"https:\/\/www.sunevasion.fr\/es\/idea-de-estancia\/"},{"@type":"ListItem","position":3,"name":"Lakeside"}]},{"@type":"WebSite","@id":"https:\/\/www.sunevasion.fr\/es\/#website","url":"https:\/\/www.sunevasion.fr\/es\/","name":"Sun Evasion - Campings &amp; Resorts","description":"","potentialAction":[{"@type":"SearchAction","target":{"@type":"EntryPoint","urlTemplate":"https:\/\/www.sunevasion.fr\/es\/?s={search_term_string}"},"query-input":{"@type":"PropertyValueSpecification","valueRequired":true,"valueName":"search_term_string"}}],"inLanguage":"es"}]}},"_links":{"self":[{"href":"https:\/\/www.sunevasion.fr\/es\/wp-json\/wp\/v2\/pages\/244729","targetHints":{"allow":["GET"]}}],"collection":[{"href":"https:\/\/www.sunevasion.fr\/es\/wp-json\/wp\/v2\/pages"}],"about":[{"href":"https:\/\/www.sunevasion.fr\/es\/wp-json\/wp\/v2\/types\/page"}],"author":[{"embeddable":true,"href":"https:\/\/www.sunevasion.fr\/es\/wp-json\/wp\/v2\/users\/5"}],"replies":[{"embeddable":true,"href":"https:\/\/www.sunevasion.fr\/es\/wp-json\/wp\/v2\/comments?post=244729"}],"version-history":[{"count":11,"href":"https:\/\/www.sunevasion.fr\/es\/wp-json\/wp\/v2\/pages\/244729\/revisions"}],"predecessor-version":[{"id":246342,"href":"https:\/\/www.sunevasion.fr\/es\/wp-json\/wp\/v2\/pages\/244729\/revisions\/246342"}],"up":[{"embeddable":true,"href":"https:\/\/www.sunevasion.fr\/es\/wp-json\/wp\/v2\/pages\/244680"}],"wp:attachment":[{"href":"https:\/\/www.sunevasion.fr\/es\/wp-json\/wp\/v2\/media?parent=244729"}],"curies":[{"name":"wp","href":"https:\/\/api.w.org\/{rel}","templated":true}]}}