{"id":244858,"date":"2024-10-29T10:46:37","date_gmt":"2024-10-29T10:46:37","guid":{"rendered":"https:\/\/www.sunevasion.fr\/ponte-en-contacto-con\/"},"modified":"2024-12-20T06:46:45","modified_gmt":"2024-12-20T06:46:45","slug":"ponte-en-contacto-con","status":"publish","type":"page","link":"https:\/\/www.sunevasion.fr\/es\/ponte-en-contacto-con\/","title":{"rendered":"Ponte en contacto con"},"content":{"rendered":"<p>[et_pb_section fb_built=\u00bb1&#8243; admin_label=\u00bbcontact\u00bb module_id=\u00bbdestinos\u00bb _builder_version=\u00bb4.27.0&#8243; _module_preset=\u00bbdefault\u00bb background_color=\u00bb#FF7350&#8243; custom_margin=\u00bb||-5px|||\u00bb custom_padding=\u00bb42px||||false|false\u00bb background_last_edited=\u00bbon|tablet\u00bb use_background_color_gradient_tablet=\u00bbon\u00bb use_background_color_gradient_phone=\u00bbon\u00bb background_color_gradient_stops_tablet=\u00bb#ff7350 100%|#ffffff 100%\u00bb background_color_gradient_stops_phone=\u00bb#ff7350 100%|#ffffff 100%\u00bb da_popup_slug=\u00bbdestinations\u00bb da_disable_devices=\u00bboff|off|off\u00bb locked=\u00bboff\u00bb global_colors_info=\u00bb{}\u00bb da_is_popup=\u00bboff\u00bb da_exit_intent=\u00bboff\u00bb da_has_close=\u00bbon\u00bb da_alt_close=\u00bboff\u00bb da_dark_close=\u00bboff\u00bb da_not_modal=\u00bbon\u00bb da_is_singular=\u00bboff\u00bb da_with_loader=\u00bboff\u00bb da_has_shadow=\u00bbon\u00bb][et_pb_row _builder_version=\u00bb4.27.0&#8243; _module_preset=\u00bbdefault\u00bb width=\u00bb90%\u00bb min_height=\u00bb100%\u00bb height=\u00bb100%\u00bb custom_margin=\u00bb31px|auto||auto||\u00bb custom_padding=\u00bb75px|||||\u00bb border_radii=\u00bbon|15px|15px|15px|15px\u00bb global_colors_info=\u00bb{}\u00bb][et_pb_column type=\u00bb4_4&#8243; _builder_version=\u00bb4.27.0&#8243; _module_preset=\u00bbdefault\u00bb global_colors_info=\u00bb{}\u00bb][et_pb_text _builder_version=\u00bb4.27.0&#8243; _module_preset=\u00bbdefault\u00bb header_text_align=\u00bbleft\u00bb header_text_color=\u00bb#FFFFFF\u00bb header_font_size=\u00bb50px\u00bb header_2_text_align=\u00bbleft\u00bb header_2_text_color=\u00bb#FFFFFF\u00bb header_2_font_size=\u00bb55px\u00bb custom_margin=\u00bb||22px|||\u00bb header_font_size_tablet=\u00bb40px\u00bb header_font_size_phone=\u00bb32px\u00bb header_font_size_last_edited=\u00bbon|phone\u00bb header_2_font_size_tablet=\u00bb56px\u00bb header_2_font_size_phone=\u00bb38px\u00bb header_2_font_size_last_edited=\u00bbon|phone\u00bb custom_css_main_element=\u00bb margin-top: auto;||    margin-bottom: auto; \u00bb global_colors_info=\u00bb{}\u00bb]<\/p>\n<h1>Contacta con nuestros campings<\/h1>\n<p>[\/et_pb_text][et_pb_text _builder_version=\u00bb4.27.0&#8243; _module_preset=\u00bbdefault\u00bb text_text_color=\u00bb#FFFFFF\u00bb link_font=\u00bb|600|||||||\u00bb link_text_color=\u00bb#FFFFFF\u00bb custom_css_main_element=\u00bbmargin-top: auto; ||    align-self: flex-end; \u00bb global_colors_info=\u00bb{}\u00bb]<\/p>\n<p style=\"text-align: left;\"><span><span><a href=\"https:\/\/www.sunevasion.fr\/es\/inicio\/\">Accueil<\/a><\/span><\/span><\/p>\n<p>[\/et_pb_text][et_pb_text _builder_version=\u00bb4.27.0&#8243; _module_preset=\u00bbdefault\u00bb text_text_color=\u00bb#FFFFFF\u00bb text_font_size=\u00bb22px\u00bb header_2_text_color=\u00bb#287D9C\u00bb header_2_font_size=\u00bb55px\u00bb header_2_line_height=\u00bb1.2em\u00bb max_width_tablet=\u00bb100%\u00bb max_width_phone=\u00bb100%\u00bb max_width_last_edited=\u00bbon|tablet\u00bb module_alignment=\u00bbleft\u00bb custom_margin=\u00bb||2px|||\u00bb global_colors_info=\u00bb{}\u00bb]<\/p>\n<p><strong>\u00bfTienes alguna pregunta, una petici\u00f3n especial <\/strong>o simplemente quieres contarnos tus deseos para las fiestas?<\/p>\n<p>Nuestro equipo est\u00e1 a tu disposici\u00f3n para ayudarte a organizar tu estancia. No dudes en ponerte en contacto con nosotros, estaremos encantados de ayudarte a encontrar el camping ideal. <\/p>\n<p>[\/et_pb_text][\/et_pb_column][\/et_pb_row][\/et_pb_section][et_pb_section fb_built=\u00bb1&#8243; _builder_version=\u00bb4.27.0&#8243; _module_preset=\u00bbdefault\u00bb custom_padding=\u00bb0px||0px||true|false\u00bb da_disable_devices=\u00bboff|off|off\u00bb global_colors_info=\u00bb{}\u00bb da_is_popup=\u00bboff\u00bb da_exit_intent=\u00bboff\u00bb da_has_close=\u00bbon\u00bb da_alt_close=\u00bboff\u00bb da_dark_close=\u00bboff\u00bb da_not_modal=\u00bbon\u00bb da_is_singular=\u00bboff\u00bb da_with_loader=\u00bboff\u00bb da_has_shadow=\u00bbon\u00bb][et_pb_row column_structure=\u00bb2_5,3_5&#8243; use_custom_gutter=\u00bbon\u00bb gutter_width=\u00bb2&#8243; make_equal=\u00bbon\u00bb _builder_version=\u00bb4.27.0&#8243; _module_preset=\u00bbdefault\u00bb width=\u00bb100%\u00bb max_width=\u00bb2560px\u00bb custom_margin=\u00bb0px|auto|0px|auto|true|false\u00bb custom_padding=\u00bb0px||0px||true|false\u00bb locked=\u00bboff\u00bb global_colors_info=\u00bb{}\u00bb][et_pb_column type=\u00bb2_5&#8243; _builder_version=\u00bb4.27.0&#8243; _module_preset=\u00bbdefault\u00bb global_colors_info=\u00bb{}\u00bb][et_pb_map address=\u00bbCamping Sun\u00ealia IBARDIN &#8211; Pays Basque | Camping Urrugne, 220 Rte d&#8217;Olhette, 64122 Urrugne, France\u00bb zoom_level=\u00bb6&#8243; address_lat=\u00bb43.952300560008&#8243; address_lng=\u00bb1.58938148125&#8243; mouse_wheel=\u00bboff\u00bb _builder_version=\u00bb4.27.0&#8243; _module_preset=\u00bbdefault\u00bb min_height=\u00bb600px\u00bb custom_margin=\u00bb|1px||||\u00bb hover_enabled=\u00bb0&#8243; global_colors_info=\u00bb{}\u00bb sticky_enabled=\u00bb0&#8243;][et_pb_map_pin title=\u00bbCamping Lac du Salagou\u00bb pin_address=\u00bbCamping du Salagou, 34800 Clermont-l&#8217;H\u00e9rault, France\u00bb zoom_level=\u00bb5&#8243; pin_address_lat=\u00bb43.6453137&#8243; pin_address_lng=\u00bb3.3898247&#8243; _builder_version=\u00bb4.27.0&#8243; _module_preset=\u00bbdefault\u00bb global_colors_info=\u00bb{}\u00bb hover_enabled=\u00bb0&#8243; sticky_enabled=\u00bb0&#8243;]<\/p>\n<p>34800 Clermont l&#8217;H\u00e9rault<a href=\"https:\/\/maps.app.goo.gl\/X5QsApagJAmarZJv6\" target=\"_blank\" rel=\"noopener\">Ver en Gmaps<\/a><\/p>\n<p>[\/et_pb_map_pin][et_pb_map_pin title=\u00bbCamping Ibardin\u00bb pin_address=\u00bbCamping Sun\u00ealia IBARDIN &#8211; Pays Basque | Camping Urrugne, 220 Rte d&#8217;Olhette, 64122 Urrugne, France\u00bb zoom_level=\u00bb5&#8243; pin_address_lat=\u00bb43.3339627&#8243; pin_address_lng=\u00bb-1.6845443&#8243; _builder_version=\u00bb4.27.0&#8243; _module_preset=\u00bbdefault\u00bb global_colors_info=\u00bb{}\u00bb]<\/p>\n<p>64122 Urrugne<a href=\"https:\/\/maps.app.goo.gl\/o9xfD1DGcEfs9GeG9\" target=\"_blank\" rel=\"noopener\">Ver en Gmaps<\/a><\/p>\n<p>[\/et_pb_map_pin][et_pb_map_pin title=\u00bbCamping les jardins de Tivoli\u00bb pin_address=\u00bbCamping Les Jardins De Tivoli Grau du Roi, 470 Rte de l&#8217;Espiguette, 30240 Le Grau-du-Roi, France\u00bb zoom_level=\u00bb5&#8243; pin_address_lat=\u00bb43.5217227&#8243; pin_address_lng=\u00bb4.1492728&#8243; _builder_version=\u00bb4.27.0&#8243; _module_preset=\u00bbdefault\u00bb global_colors_info=\u00bb{}\u00bb]<\/p>\n<p>30240 Le Grau-du-Roi<a href=\"https:\/\/maps.app.goo.gl\/bnZXsrRVpkCCZDjK8\" target=\"_blank\" rel=\"noopener\">Ver en Gmaps<\/a><\/p>\n<p>[\/et_pb_map_pin][et_pb_map_pin title=\u00bbCamping Fontaine Vieille\u00bb pin_address=\u00bbCamping Bassin d&#8217;Arcachon Fontaine Vieille, 4 Bd du Colonel Wurtz, 33510 Andernos-les-Bains, France\u00bb zoom_level=\u00bb5&#8243; pin_address_lat=\u00bb44.7251202&#8243; pin_address_lng=\u00bb-1.0794527&#8243; _builder_version=\u00bb4.27.0&#8243; _module_preset=\u00bbdefault\u00bb global_colors_info=\u00bb{}\u00bb]<\/p>\n<p>33510 Andernos-les-Bains<a href=\"https:\/\/maps.app.goo.gl\/D8ASie9V9s5tcsGE7\" target=\"_blank\" rel=\"noopener\">Ver en Gmaps<\/a><\/p>\n<p>[\/et_pb_map_pin][et_pb_map_pin title=\u00bbCamping Miremer\u00bb pin_address=\u00bbCamping Domaine de Miremer, 4965 ROUTE DE GRIMAUD, RD 558, 83680 La Garde-Freinet, France\u00bb zoom_level=\u00bb5&#8243; pin_address_lat=\u00bb43.291853&#8243; pin_address_lng=\u00bb6.4922266&#8243; _builder_version=\u00bb4.27.0&#8243; _module_preset=\u00bbdefault\u00bb global_colors_info=\u00bb{}\u00bb]<\/p>\n<p>83680 La Garde-Freinet<a href=\"https:\/\/maps.app.goo.gl\/6jm6kMzQCFgtQhTU6\" target=\"_blank\" rel=\"noopener\">Ver en Gmaps<\/a><\/p>\n<p>[\/et_pb_map_pin][et_pb_map_pin title=\u00bbCamping Les Ourmes\u00bb pin_address=\u00bbCamping Les Ourmes Hourtin, 90 Av. du Lac, 33990 Hourtin, France\u00bb zoom_level=\u00bb5&#8243; pin_address_lat=\u00bb45.1820208&#8243; pin_address_lng=\u00bb-1.0746422&#8243; _builder_version=\u00bb4.27.0&#8243; _module_preset=\u00bbdefault\u00bb global_colors_info=\u00bb{}\u00bb]<\/p>\n<p>33990 Hourtin<a href=\"https:\/\/maps.app.goo.gl\/v4T7EtR7jH8CP1uP8\" target=\"_blank\" rel=\"noopener\">Ver en Gmaps<\/a><\/p>\n<p>[\/et_pb_map_pin][\/et_pb_map][\/et_pb_column][et_pb_column type=\u00bb3_5&#8243; _builder_version=\u00bb4.27.0&#8243; _module_preset=\u00bbdefault\u00bb custom_padding=\u00bb30px|20px|30px|20px|true|true\u00bb global_colors_info=\u00bb{}\u00bb][et_pb_code _builder_version=\u00bb4.27.0&#8243; _module_preset=\u00bbdefault\u00bb custom_margin=\u00bb30px|26px||||\u00bb custom_css_main_element=\u00bb\/* Conteneur principal en deux colonnes *\/||.campings-container {||    display: grid;||    grid-template-columns: repeat(2, 1fr); \/* 2 colonnes *\/||    gap: 20px;||||}||||\/* Styles pour chaque carte de camping *\/||.camping-card {||    display: flex;||    align-items: center;||    background-color: #F5F5F5; \/* Couleur de fond *\/||    border-radius: 15px; \/* Border radius de la carte *\/||    overflow: hidden;||    box-shadow: 0 4px 8px rgba(0, 0, 0, 0.1); \/* L\u00e9g\u00e8re ombre *\/||    transition: box-shadow 0.3s ease;||  padding:0;||}||.camping-card h3 {margin:0;}||.camping-card:hover {||    box-shadow: 0 8px 16px rgba(0, 0, 0, 0.15); \/* Accentuer l&#8217;ombre au survol *\/||}||||\/* Partie gauche &#8211; Image *\/||.camping-image {||    width: 40%; \/* 30% de la largeur *\/||    background-size: cover;||    background-position: center;||    min-height: 100%;||  margin-right:20px;||}||||\/* Partie droite &#8211; Informations *\/||.camping-info {||    padding: 15px;||    width: 60%; \/* 70% de la largeur *\/||    display: flex;||    flex-direction: column;||    justify-content: space-evenly;||}||||\/* Titre du camping *\/||.camping-title {||    font-size: 18px;||    font-weight: bold;||    margin-top: 8px;||    color: #333;||}||||\/* R\u00e9gion *\/||.camping-region {||    font-size: 14px;||    color: #777;||      margin:0; padding:0;||}||||\/* T\u00e9l\u00e9phone avec ic\u00f4ne *\/||.camping-telephone {||    font-size: 14px;||    color: #555;||    display: flex;||    align-items: center;||  margin-bottom:8px;||}||||.camping-telephone i {||    margin-right: 8px;||    color: #0F3B51;||}||||\/* Bouton de contact *\/||.camping-contact-button {||    align-self: flex-start; \/* Aligner \u00e0 droite *\/||    display: inline-flex;||    align-items: center;||    background-color: #F67251;||    color: #fff;||    padding: 5px 12px;||    font-size: 13px;||    font-weight: bold;||    border-radius: 30px;||    text-decoration: none;||    transition: background-color 0.3s ease, transform 0.3s ease;||}||||.camping-contact-button i {||    margin-right: 8px;||}||||.camping-contact-button:hover {||    background-color: #092C3D;||}||||\/* Responsive design pour les petits \u00e9crans *\/||@media (max-width: 768px) {||    .campings-container {||        grid-template-columns: 1fr; \/* 1 colonne pour les petits \u00e9crans *\/||    }||}||\u00bb global_colors_info=\u00bb{}\u00bb]<div class=\"campings-container\">        \r\n        <div class=\"camping-card\">\r\n            <div class=\"camping-image\" style=\"background-image: url('https:\/\/www.sunevasion.fr\/wp-content\/uploads\/2024\/10\/espace-aquatique-service-300x169.jpg');\"><\/div>\r\n            <div class=\"camping-info\">\r\n                <h3 class=\"camping-title\">Camping Les Ourmes<\/h3>\r\n                                    <p class=\"camping-region\">Gironda, Sudoeste  <\/p>\r\n                                \r\n                                    <p class=\"camping-telephone\">\r\n                        <i class=\"fas fa-phone-alt\"><\/i> +33 (0)5 56 09 12 76                    <\/p>\r\n                                \r\n                                    <a href=\"https:\/\/lesourmes.fr\/contact-acces\/\" target=\"_blank\" class=\"camping-contact-button\">\r\n                        <i class=\"fas fa-envelope\"><\/i> Contactar con el camping                    <\/a>\r\n                            <\/div>\r\n        <\/div>\r\n        \r\n                \r\n        <div class=\"camping-card\">\r\n            <div class=\"camping-image\" style=\"background-image: url('https:\/\/www.sunevasion.fr\/wp-content\/uploads\/2024\/10\/PHOTO-32-ciel-1-300x169.jpg');\"><\/div>\r\n            <div class=\"camping-info\">\r\n                <h3 class=\"camping-title\">Camping Les Jardins de Tivoli<\/h3>\r\n                                    <p class=\"camping-region\">Camarga, Sureste<\/p>\r\n                                \r\n                                    <p class=\"camping-telephone\">\r\n                        <i class=\"fas fa-phone-alt\"><\/i> +33 (0)4 66 53 97 00                    <\/p>\r\n                                \r\n                                    <a href=\"https:\/\/www.lesjardinsdetivoli.com\/contact-camping-mer-et-camargue\/\" target=\"_blank\" class=\"camping-contact-button\">\r\n                        <i class=\"fas fa-envelope\"><\/i> Contactar con el camping                    <\/a>\r\n                            <\/div>\r\n        <\/div>\r\n        \r\n                \r\n        <div class=\"camping-card\">\r\n            <div class=\"camping-image\" style=\"background-image: url('https:\/\/www.sunevasion.fr\/wp-content\/uploads\/2024\/10\/camping-miremer-grimaud-var-saint-tropez-2026-300x200.jpg');\"><\/div>\r\n            <div class=\"camping-info\">\r\n                <h3 class=\"camping-title\">Camping Miremer<\/h3>\r\n                                    <p class=\"camping-region\">Var, Sureste<\/p>\r\n                                \r\n                                    <p class=\"camping-telephone\">\r\n                        <i class=\"fas fa-phone-alt\"><\/i> +33 (0)4 94 43 21 23                    <\/p>\r\n                                \r\n                                    <a href=\"https:\/\/www.domainedemiremer.com\/contact\/\" target=\"_blank\" class=\"camping-contact-button\">\r\n                        <i class=\"fas fa-envelope\"><\/i> Contactar con el camping                    <\/a>\r\n                            <\/div>\r\n        <\/div>\r\n        \r\n                \r\n        <div class=\"camping-card\">\r\n            <div class=\"camping-image\" style=\"background-image: url('https:\/\/www.sunevasion.fr\/wp-content\/uploads\/2024\/10\/mise-en-avant-fontaine-vieille-300x169.jpg');\"><\/div>\r\n            <div class=\"camping-info\">\r\n                <h3 class=\"camping-title\">Camping Fontaine Vieille<\/h3>\r\n                                    <p class=\"camping-region\">Gironda, Sudoeste<\/p>\r\n                                \r\n                                    <p class=\"camping-telephone\">\r\n                        <i class=\"fas fa-phone-alt\"><\/i> 05 56 82 01 67                    <\/p>\r\n                                \r\n                                    <a href=\"https:\/\/www.fontainevieille.fr\/contact-acces\/\" target=\"_blank\" class=\"camping-contact-button\">\r\n                        <i class=\"fas fa-envelope\"><\/i> Contactar con el camping                    <\/a>\r\n                            <\/div>\r\n        <\/div>\r\n        \r\n                \r\n        <div class=\"camping-card\">\r\n            <div class=\"camping-image\" style=\"background-image: url('https:\/\/www.sunevasion.fr\/wp-content\/uploads\/2024\/10\/camping-Ibardin-pays-basque-urrugne-300x200.jpg');\"><\/div>\r\n            <div class=\"camping-info\">\r\n                <h3 class=\"camping-title\">Camping Ibardin<\/h3>\r\n                                    <p class=\"camping-region\">Pa\u00eds Vasco, Urrugne<\/p>\r\n                                \r\n                                    <p class=\"camping-telephone\">\r\n                        <i class=\"fas fa-phone-alt\"><\/i> 05 59 54 31 21                    <\/p>\r\n                                \r\n                                    <a href=\"https:\/\/col-ibardin.com\/contact-acces\/\" target=\"_blank\" class=\"camping-contact-button\">\r\n                        <i class=\"fas fa-envelope\"><\/i> Contactar con el camping                    <\/a>\r\n                            <\/div>\r\n        <\/div>\r\n        \r\n                \r\n        <div class=\"camping-card\">\r\n            <div class=\"camping-image\" style=\"background-image: url('https:\/\/www.sunevasion.fr\/wp-content\/uploads\/2024\/09\/camping-lac-du-salagou-5-sur-12-300x200.jpg');\"><\/div>\r\n            <div class=\"camping-info\">\r\n                <h3 class=\"camping-title\">Camping del Lago de Salagou<\/h3>\r\n                                    <p class=\"camping-region\">Occitania, Clermont l&#039;H\u00e9rault<\/p>\r\n                                \r\n                                    <p class=\"camping-telephone\">\r\n                        <i class=\"fas fa-phone-alt\"><\/i> +33 (0)4 67 96 13 13                    <\/p>\r\n                                \r\n                                    <a href=\"https:\/\/www.campinglacdusalagou.fr\/contact-camping-lac-salagou\/\" target=\"_blank\" class=\"camping-contact-button\">\r\n                        <i class=\"fas fa-envelope\"><\/i> Contactar con el camping                    <\/a>\r\n                            <\/div>\r\n        <\/div>\r\n        \r\n        <\/div>[\/et_pb_code][\/et_pb_column][\/et_pb_row][\/et_pb_section]<\/p>\n","protected":false},"excerpt":{"rendered":"<p>[et_pb_section fb_built=\u00bb1&#8243; admin_label=\u00bbcontact\u00bb module_id=\u00bbdestinos\u00bb _builder_version=\u00bb4.27.0&#8243; _module_preset=\u00bbdefault\u00bb background_color=\u00bb#FF7350&#8243; custom_margin=\u00bb||-5px|||\u00bb custom_padding=\u00bb42px||||false|false\u00bb background_last_edited=\u00bbon|tablet\u00bb use_background_color_gradient_tablet=\u00bbon\u00bb use_background_color_gradient_phone=\u00bbon\u00bb background_color_gradient_stops_tablet=\u00bb#ff7350 100%|#ffffff 100%\u00bb background_color_gradient_stops_phone=\u00bb#ff7350 100%|#ffffff 100%\u00bb da_popup_slug=\u00bbdestinations\u00bb da_disable_devices=\u00bboff|off|off\u00bb locked=\u00bboff\u00bb global_colors_info=\u00bb{}\u00bb da_is_popup=\u00bboff\u00bb da_exit_intent=\u00bboff\u00bb da_has_close=\u00bbon\u00bb da_alt_close=\u00bboff\u00bb da_dark_close=\u00bboff\u00bb da_not_modal=\u00bbon\u00bb da_is_singular=\u00bboff\u00bb da_with_loader=\u00bboff\u00bb da_has_shadow=\u00bbon\u00bb][et_pb_row _builder_version=\u00bb4.27.0&#8243; _module_preset=\u00bbdefault\u00bb width=\u00bb90%\u00bb min_height=\u00bb100%\u00bb height=\u00bb100%\u00bb custom_margin=\u00bb31px|auto||auto||\u00bb custom_padding=\u00bb75px|||||\u00bb border_radii=\u00bbon|15px|15px|15px|15px\u00bb global_colors_info=\u00bb{}\u00bb][et_pb_column type=\u00bb4_4&#8243; _builder_version=\u00bb4.27.0&#8243; _module_preset=\u00bbdefault\u00bb global_colors_info=\u00bb{}\u00bb][et_pb_text _builder_version=\u00bb4.27.0&#8243; _module_preset=\u00bbdefault\u00bb header_text_align=\u00bbleft\u00bb header_text_color=\u00bb#FFFFFF\u00bb header_font_size=\u00bb50px\u00bb header_2_text_align=\u00bbleft\u00bb header_2_text_color=\u00bb#FFFFFF\u00bb header_2_font_size=\u00bb55px\u00bb custom_margin=\u00bb||22px|||\u00bb header_font_size_tablet=\u00bb40px\u00bb header_font_size_phone=\u00bb32px\u00bb [&hellip;]<\/p>\n","protected":false},"author":3,"featured_media":0,"parent":0,"menu_order":0,"comment_status":"closed","ping_status":"closed","template":"","meta":{"_acf_changed":false,"_et_pb_use_builder":"on","_et_pb_old_content":"","_et_gb_content_width":"","inline_featured_image":false,"footnotes":""},"class_list":["post-244858","page","type-page","status-publish","hentry"],"acf":[],"yoast_head":"<!-- This site is optimized with the Yoast SEO plugin v27.4 - https:\/\/yoast.com\/product\/yoast-seo-wordpress\/ -->\n<title>- Contacta con Sun Evasion tu portal de camping a tu servicio<\/title>\n<meta name=\"description\" content=\"\u00bfTienes alguna pregunta o necesitas ayuda? Ponte en contacto con el equipo de Sun Evasion para obtener informaci\u00f3n sobre campings, destinos y reservas. Estamos aqu\u00ed para ayudarte.\" \/>\n<meta name=\"robots\" content=\"index, follow, max-snippet:-1, max-image-preview:large, max-video-preview:-1\" \/>\n<link rel=\"canonical\" href=\"https:\/\/www.sunevasion.fr\/es\/ponte-en-contacto-con\/\" \/>\n<meta property=\"og:locale\" content=\"es_ES\" \/>\n<meta property=\"og:type\" content=\"article\" \/>\n<meta property=\"og:title\" content=\"- Contacta con Sun Evasion tu portal de camping a tu servicio\" \/>\n<meta property=\"og:description\" content=\"\u00bfTienes alguna pregunta o necesitas ayuda? Ponte en contacto con el equipo de Sun Evasion para obtener informaci\u00f3n sobre campings, destinos y reservas. Estamos aqu\u00ed para ayudarte.\" \/>\n<meta property=\"og:url\" content=\"https:\/\/www.sunevasion.fr\/es\/ponte-en-contacto-con\/\" \/>\n<meta property=\"og:site_name\" content=\"Sun Evasion - Campings &amp; Resorts\" \/>\n<meta property=\"article:modified_time\" content=\"2024-12-20T06:46:45+00:00\" \/>\n<meta name=\"twitter:card\" content=\"summary_large_image\" \/>\n<meta name=\"twitter:label1\" content=\"Tiempo de lectura\" \/>\n\t<meta name=\"twitter:data1\" content=\"5 minutos\" \/>\n<script type=\"application\/ld+json\" class=\"yoast-schema-graph\">{\"@context\":\"https:\\\/\\\/schema.org\",\"@graph\":[{\"@type\":\"WebPage\",\"@id\":\"https:\\\/\\\/www.sunevasion.fr\\\/es\\\/ponte-en-contacto-con\\\/\",\"url\":\"https:\\\/\\\/www.sunevasion.fr\\\/es\\\/ponte-en-contacto-con\\\/\",\"name\":\"- Contacta con Sun Evasion tu portal de camping a tu servicio\",\"isPartOf\":{\"@id\":\"https:\\\/\\\/www.sunevasion.fr\\\/es\\\/#website\"},\"datePublished\":\"2024-10-29T10:46:37+00:00\",\"dateModified\":\"2024-12-20T06:46:45+00:00\",\"description\":\"\u00bfTienes alguna pregunta o necesitas ayuda? Ponte en contacto con el equipo de Sun Evasion para obtener informaci\u00f3n sobre campings, destinos y reservas. Estamos aqu\u00ed para ayudarte.\",\"breadcrumb\":{\"@id\":\"https:\\\/\\\/www.sunevasion.fr\\\/es\\\/ponte-en-contacto-con\\\/#breadcrumb\"},\"inLanguage\":\"es\",\"potentialAction\":[{\"@type\":\"ReadAction\",\"target\":[\"https:\\\/\\\/www.sunevasion.fr\\\/es\\\/ponte-en-contacto-con\\\/\"]}]},{\"@type\":\"BreadcrumbList\",\"@id\":\"https:\\\/\\\/www.sunevasion.fr\\\/es\\\/ponte-en-contacto-con\\\/#breadcrumb\",\"itemListElement\":[{\"@type\":\"ListItem\",\"position\":1,\"name\":\"Accueil\",\"item\":\"https:\\\/\\\/www.sunevasion.fr\\\/es\\\/inicio\\\/\"},{\"@type\":\"ListItem\",\"position\":2,\"name\":\"Ponte en contacto con\"}]},{\"@type\":\"WebSite\",\"@id\":\"https:\\\/\\\/www.sunevasion.fr\\\/es\\\/#website\",\"url\":\"https:\\\/\\\/www.sunevasion.fr\\\/es\\\/\",\"name\":\"Sun Evasion - Campings &amp; Resorts\",\"description\":\"\",\"potentialAction\":[{\"@type\":\"SearchAction\",\"target\":{\"@type\":\"EntryPoint\",\"urlTemplate\":\"https:\\\/\\\/www.sunevasion.fr\\\/es\\\/?s={search_term_string}\"},\"query-input\":{\"@type\":\"PropertyValueSpecification\",\"valueRequired\":true,\"valueName\":\"search_term_string\"}}],\"inLanguage\":\"es\"}]}<\/script>\n<!-- \/ Yoast SEO plugin. -->","yoast_head_json":{"title":"- Contacta con Sun Evasion tu portal de camping a tu servicio","description":"\u00bfTienes alguna pregunta o necesitas ayuda? Ponte en contacto con el equipo de Sun Evasion para obtener informaci\u00f3n sobre campings, destinos y reservas. Estamos aqu\u00ed para ayudarte.","robots":{"index":"index","follow":"follow","max-snippet":"max-snippet:-1","max-image-preview":"max-image-preview:large","max-video-preview":"max-video-preview:-1"},"canonical":"https:\/\/www.sunevasion.fr\/es\/ponte-en-contacto-con\/","og_locale":"es_ES","og_type":"article","og_title":"- Contacta con Sun Evasion tu portal de camping a tu servicio","og_description":"\u00bfTienes alguna pregunta o necesitas ayuda? Ponte en contacto con el equipo de Sun Evasion para obtener informaci\u00f3n sobre campings, destinos y reservas. Estamos aqu\u00ed para ayudarte.","og_url":"https:\/\/www.sunevasion.fr\/es\/ponte-en-contacto-con\/","og_site_name":"Sun Evasion - Campings &amp; Resorts","article_modified_time":"2024-12-20T06:46:45+00:00","twitter_card":"summary_large_image","twitter_misc":{"Tiempo de lectura":"5 minutos"},"schema":{"@context":"https:\/\/schema.org","@graph":[{"@type":"WebPage","@id":"https:\/\/www.sunevasion.fr\/es\/ponte-en-contacto-con\/","url":"https:\/\/www.sunevasion.fr\/es\/ponte-en-contacto-con\/","name":"- Contacta con Sun Evasion tu portal de camping a tu servicio","isPartOf":{"@id":"https:\/\/www.sunevasion.fr\/es\/#website"},"datePublished":"2024-10-29T10:46:37+00:00","dateModified":"2024-12-20T06:46:45+00:00","description":"\u00bfTienes alguna pregunta o necesitas ayuda? Ponte en contacto con el equipo de Sun Evasion para obtener informaci\u00f3n sobre campings, destinos y reservas. Estamos aqu\u00ed para ayudarte.","breadcrumb":{"@id":"https:\/\/www.sunevasion.fr\/es\/ponte-en-contacto-con\/#breadcrumb"},"inLanguage":"es","potentialAction":[{"@type":"ReadAction","target":["https:\/\/www.sunevasion.fr\/es\/ponte-en-contacto-con\/"]}]},{"@type":"BreadcrumbList","@id":"https:\/\/www.sunevasion.fr\/es\/ponte-en-contacto-con\/#breadcrumb","itemListElement":[{"@type":"ListItem","position":1,"name":"Accueil","item":"https:\/\/www.sunevasion.fr\/es\/inicio\/"},{"@type":"ListItem","position":2,"name":"Ponte en contacto con"}]},{"@type":"WebSite","@id":"https:\/\/www.sunevasion.fr\/es\/#website","url":"https:\/\/www.sunevasion.fr\/es\/","name":"Sun Evasion - Campings &amp; Resorts","description":"","potentialAction":[{"@type":"SearchAction","target":{"@type":"EntryPoint","urlTemplate":"https:\/\/www.sunevasion.fr\/es\/?s={search_term_string}"},"query-input":{"@type":"PropertyValueSpecification","valueRequired":true,"valueName":"search_term_string"}}],"inLanguage":"es"}]}},"_links":{"self":[{"href":"https:\/\/www.sunevasion.fr\/es\/wp-json\/wp\/v2\/pages\/244858","targetHints":{"allow":["GET"]}}],"collection":[{"href":"https:\/\/www.sunevasion.fr\/es\/wp-json\/wp\/v2\/pages"}],"about":[{"href":"https:\/\/www.sunevasion.fr\/es\/wp-json\/wp\/v2\/types\/page"}],"author":[{"embeddable":true,"href":"https:\/\/www.sunevasion.fr\/es\/wp-json\/wp\/v2\/users\/3"}],"replies":[{"embeddable":true,"href":"https:\/\/www.sunevasion.fr\/es\/wp-json\/wp\/v2\/comments?post=244858"}],"version-history":[{"count":1,"href":"https:\/\/www.sunevasion.fr\/es\/wp-json\/wp\/v2\/pages\/244858\/revisions"}],"predecessor-version":[{"id":244865,"href":"https:\/\/www.sunevasion.fr\/es\/wp-json\/wp\/v2\/pages\/244858\/revisions\/244865"}],"wp:attachment":[{"href":"https:\/\/www.sunevasion.fr\/es\/wp-json\/wp\/v2\/media?parent=244858"}],"curies":[{"name":"wp","href":"https:\/\/api.w.org\/{rel}","templated":true}]}}